{"id":922657,"date":"2024-12-04T01:11:19","date_gmt":"2024-12-04T00:11:19","guid":{"rendered":"https:\/\/streetmarkets.fr\/app\/produit\/bonnet-a-revers-a-cotes-h24-accessoires-bright-pink-mou\/"},"modified":"2025-02-24T01:09:35","modified_gmt":"2025-02-24T00:09:35","slug":"bonnet-a-revers-a-cotes-h24-accessoires-bright-pink-mou","status":"publish","type":"product","link":"https:\/\/streetmarkets.fr\/app\/produit\/bonnet-a-revers-a-cotes-h24-accessoires-bright-pink-mou\/","title":{"rendered":"Bonnet \u00e0 Revers \u00e0 Cotes (H24 \/ ACCESSOIRES \/ Bright Pink Mou)"},"content":{"rendered":"<p>Confectionn\u00e9 en cachemire 10 fils, ce bonnet c\u00f4tel\u00e9 \u00e0 revers allie douceur et confort pour r\u00e9chauffer votre allure avec une touche d&#8217;\u00e9clat. D\u00e9clin\u00e9 dans un colorama in\u00e9dit, il compl\u00e8tera vos tenues casual comme plus sophistiqu\u00e9es.<\/p>\n<p>&#8211; Bonnet en cachemire 10 fils certifi\u00e9 GCS\u00ae Femme<br \/>\n<br \/>&#8211; \u00c0 revers<br \/>\n<br \/>&#8211; C\u00f4tes<br \/>\n<br \/>&#8211; Taille unique<br \/>\n<br \/>&#8211; Le Good Cashmere Standard\u00ae (GCS) est une norme ind\u00e9pendante pour un cachemire plus durable et plus responsable. Il vise \u00e0 am\u00e9liorer le bien-\u00eatre des ch\u00e8vres cachemire, les conditions de travail des \u00e9leveurs ainsi qu&#8217;\u00e0 prot\u00e9ger l&#8217;environnement.<\/p>\n","protected":false},"excerpt":{"rendered":"<p>Confectionn\u00e9 en cachemire 10 fils, ce bonnet c\u00f4tel\u00e9 \u00e0 revers allie douceur et confort pour r\u00e9chauffer votre allure avec une touche d&#8217;\u00e9clat. D\u00e9clin\u00e9 dans un colorama in\u00e9dit, il compl\u00e8tera vos tenues casual comme plus sophistiqu\u00e9es. &#8211; Bonnet en cachemire 10 fils certifi\u00e9 GCS\u00ae Femme &#8211; \u00c0 revers &#8211; C\u00f4tes &#8211; Taille unique &#8211; Le Good [&hellip;]<\/p>\n","protected":false},"featured_media":922658,"comment_status":"open","ping_status":"closed","template":"","meta":[],"product_brand":[6868],"product_cat":[1756,1764],"product_tag":[2244],"acf":[],"_links":{"self":[{"href":"https:\/\/streetmarkets.fr\/app\/wp-json\/wp\/v2\/product\/922657"}],"collection":[{"href":"https:\/\/streetmarkets.fr\/app\/wp-json\/wp\/v2\/product"}],"about":[{"href":"https:\/\/streetmarkets.fr\/app\/wp-json\/wp\/v2\/types\/product"}],"replies":[{"embeddable":true,"href":"https:\/\/streetmarkets.fr\/app\/wp-json\/wp\/v2\/comments?post=922657"}],"wp:featuredmedia":[{"embeddable":true,"href":"https:\/\/streetmarkets.fr\/app\/wp-json\/wp\/v2\/media\/922658"}],"wp:attachment":[{"href":"https:\/\/streetmarkets.fr\/app\/wp-json\/wp\/v2\/media?parent=922657"}],"wp:term":[{"taxonomy":"product_brand","embeddable":true,"href":"https:\/\/streetmarkets.fr\/app\/wp-json\/wp\/v2\/product_brand?post=922657"},{"taxonomy":"product_cat","embeddable":true,"href":"https:\/\/streetmarkets.fr\/app\/wp-json\/wp\/v2\/product_cat?post=922657"},{"taxonomy":"product_tag","embeddable":true,"href":"https:\/\/streetmarkets.fr\/app\/wp-json\/wp\/v2\/product_tag?post=922657"}],"curies":[{"name":"wp","href":"https:\/\/api.w.org\/{rel}","templated":true}]}}