{"id":922644,"date":"2024-12-04T01:10:53","date_gmt":"2024-12-04T00:10:53","guid":{"rendered":"https:\/\/streetmarkets.fr\/app\/produit\/outerwear-manteau-long-double-face-h24-femme-ecru\/"},"modified":"2025-03-05T01:02:27","modified_gmt":"2025-03-05T00:02:27","slug":"outerwear-manteau-long-double-face-h24-femme-ecru","status":"publish","type":"product","link":"https:\/\/streetmarkets.fr\/app\/produit\/outerwear-manteau-long-double-face-h24-femme-ecru\/","title":{"rendered":"Outerwear Manteau Long Double Face (H24 \/ FEMME \/ Ecru)"},"content":{"rendered":"<p>Avec sa coupe soign\u00e9e et ses lignes affirm\u00e9es, ce manteau long et oversize confectionn\u00e9 en laine double face structure la silhouette avec style. Muni de manches longues et d&#8217;une fermeture boutonn\u00e9e, il affiche un col tailleur et deux poches lat\u00e9rales. Intemporel et \u00e9l\u00e9gant, mixez-le \u00e0 un pull c\u00f4tel\u00e9 et un pantalon de tailleur.<\/p>\n<p>&#8211; Manteau long en laine double face Femme<br \/>\n<br \/>&#8211; Col tailleur<br \/>\n<br \/>&#8211; Fermeture boutonn\u00e9e<br \/>\n<br \/>&#8211; 2 poches lat\u00e9rales<br \/>\n<br \/>&#8211; Manches longues<br \/>\n<br \/>&#8211; Coupe oversize<\/p>\n","protected":false},"excerpt":{"rendered":"<p>Avec sa coupe soign\u00e9e et ses lignes affirm\u00e9es, ce manteau long et oversize confectionn\u00e9 en laine double face structure la silhouette avec style. Muni de manches longues et d&#8217;une fermeture boutonn\u00e9e, il affiche un col tailleur et deux poches lat\u00e9rales. Intemporel et \u00e9l\u00e9gant, mixez-le \u00e0 un pull c\u00f4tel\u00e9 et un pantalon de tailleur. &#8211; Manteau [&hellip;]<\/p>\n","protected":false},"featured_media":922645,"comment_status":"open","ping_status":"closed","template":"","meta":[],"product_brand":[6868],"product_cat":[1756,1762],"product_tag":[2244],"acf":[],"_links":{"self":[{"href":"https:\/\/streetmarkets.fr\/app\/wp-json\/wp\/v2\/product\/922644"}],"collection":[{"href":"https:\/\/streetmarkets.fr\/app\/wp-json\/wp\/v2\/product"}],"about":[{"href":"https:\/\/streetmarkets.fr\/app\/wp-json\/wp\/v2\/types\/product"}],"replies":[{"embeddable":true,"href":"https:\/\/streetmarkets.fr\/app\/wp-json\/wp\/v2\/comments?post=922644"}],"wp:featuredmedia":[{"embeddable":true,"href":"https:\/\/streetmarkets.fr\/app\/wp-json\/wp\/v2\/media\/922645"}],"wp:attachment":[{"href":"https:\/\/streetmarkets.fr\/app\/wp-json\/wp\/v2\/media?parent=922644"}],"wp:term":[{"taxonomy":"product_brand","embeddable":true,"href":"https:\/\/streetmarkets.fr\/app\/wp-json\/wp\/v2\/product_brand?post=922644"},{"taxonomy":"product_cat","embeddable":true,"href":"https:\/\/streetmarkets.fr\/app\/wp-json\/wp\/v2\/product_cat?post=922644"},{"taxonomy":"product_tag","embeddable":true,"href":"https:\/\/streetmarkets.fr\/app\/wp-json\/wp\/v2\/product_tag?post=922644"}],"curies":[{"name":"wp","href":"https:\/\/api.w.org\/{rel}","templated":true}]}}