{"id":922590,"date":"2024-12-04T01:07:33","date_gmt":"2024-12-04T00:07:33","guid":{"rendered":"https:\/\/streetmarkets.fr\/app\/produit\/veste-blazer-tailoring-h24-femme-taupe\/"},"modified":"2025-03-05T01:00:17","modified_gmt":"2025-03-05T00:00:17","slug":"veste-blazer-tailoring-h24-femme-taupe","status":"publish","type":"product","link":"https:\/\/streetmarkets.fr\/app\/produit\/veste-blazer-tailoring-h24-femme-taupe\/","title":{"rendered":"Veste Blazer Tailoring (H24 \/ FEMME \/ Taupe)"},"content":{"rendered":"<p>Confectionn\u00e9e \u00e0 partir de laine, cette veste blazer s&#8217;adopte de jour comme de nuit. Munie d&#8217;un col tailleur et de manches longues, elle d\u00e9voile une poche poitrine et deux poches laterales passepoil\u00e9es. Misez sur le total look avec le pantalon coordonn\u00e9.<\/p>\n<p>&#8211; Veste blazer Femme<br \/>\n<br \/>&#8211; Col tailleur<br \/>\n<br \/>&#8211; Plis<br \/>\n<br \/>&#8211; Double fermeture boutonn\u00e9e<br \/>\n<br \/>&#8211; 1 poche passepoil\u00e9e poitrine<br \/>\n<br \/>&#8211; 2 poches passepoil\u00e9es lat\u00e9rales<br \/>\n<br \/>&#8211; Manches longues<br \/>\n<br \/>&#8211; Coupe regular<\/p>\n","protected":false},"excerpt":{"rendered":"<p>Confectionn\u00e9e \u00e0 partir de laine, cette veste blazer s&#8217;adopte de jour comme de nuit. Munie d&#8217;un col tailleur et de manches longues, elle d\u00e9voile une poche poitrine et deux poches laterales passepoil\u00e9es. Misez sur le total look avec le pantalon coordonn\u00e9. &#8211; Veste blazer Femme &#8211; Col tailleur &#8211; Plis &#8211; Double fermeture boutonn\u00e9e &#8211; [&hellip;]<\/p>\n","protected":false},"featured_media":922591,"comment_status":"open","ping_status":"closed","template":"","meta":[],"product_brand":[6868],"product_cat":[1756,1762],"product_tag":[2244],"acf":[],"_links":{"self":[{"href":"https:\/\/streetmarkets.fr\/app\/wp-json\/wp\/v2\/product\/922590"}],"collection":[{"href":"https:\/\/streetmarkets.fr\/app\/wp-json\/wp\/v2\/product"}],"about":[{"href":"https:\/\/streetmarkets.fr\/app\/wp-json\/wp\/v2\/types\/product"}],"replies":[{"embeddable":true,"href":"https:\/\/streetmarkets.fr\/app\/wp-json\/wp\/v2\/comments?post=922590"}],"wp:featuredmedia":[{"embeddable":true,"href":"https:\/\/streetmarkets.fr\/app\/wp-json\/wp\/v2\/media\/922591"}],"wp:attachment":[{"href":"https:\/\/streetmarkets.fr\/app\/wp-json\/wp\/v2\/media?parent=922590"}],"wp:term":[{"taxonomy":"product_brand","embeddable":true,"href":"https:\/\/streetmarkets.fr\/app\/wp-json\/wp\/v2\/product_brand?post=922590"},{"taxonomy":"product_cat","embeddable":true,"href":"https:\/\/streetmarkets.fr\/app\/wp-json\/wp\/v2\/product_cat?post=922590"},{"taxonomy":"product_tag","embeddable":true,"href":"https:\/\/streetmarkets.fr\/app\/wp-json\/wp\/v2\/product_tag?post=922590"}],"curies":[{"name":"wp","href":"https:\/\/api.w.org\/{rel}","templated":true}]}}