{"id":922161,"date":"2024-12-03T04:22:28","date_gmt":"2024-12-03T03:22:28","guid":{"rendered":"https:\/\/streetmarkets.fr\/app\/produit\/livraison-velo-dans-paris\/"},"modified":"2026-05-06T05:21:27","modified_gmt":"2026-05-06T03:21:27","slug":"livraison-velo-dans-paris","status":"publish","type":"product","link":"https:\/\/streetmarkets.fr\/app\/produit\/livraison-velo-dans-paris\/","title":{"rendered":"LIVRAISON VELO DANS PARIS"},"content":{"rendered":"<p>Vous souhaitez \u00eatre livr\u00e9(e)s en 3 heures max (dans les horaires d&#8217;ouverture de la boutique) ou dans la journ\u00e9e par coursier V\u00e9lo ou V\u00e9lo Cargo.<\/p>\n<p>AJOUTEZ le code  COURSE75 dans votre panier au moment du paiement.<br \/>\nVous pouvez nous contacter par t\u00e9l\u00e9phone si vous le souhaitez : 0674576870<\/p>\n","protected":false},"excerpt":{"rendered":"<p>Vous souhaitez \u00eatre livr\u00e9(e)s en 3 heures max (dans les horaires d&#8217;ouverture de la boutique) ou dans la journ\u00e9e par coursier V\u00e9lo ou V\u00e9lo Cargo. AJOUTEZ le code COURSE75 dans votre panier au moment du paiement. Vous pouvez nous contacter par t\u00e9l\u00e9phone si vous le souhaitez : 0674576870<\/p>\n","protected":false},"featured_media":922162,"comment_status":"open","ping_status":"closed","template":"","meta":[],"product_brand":[1310],"product_cat":[1756,1764],"product_tag":[1813],"acf":[],"_links":{"self":[{"href":"https:\/\/streetmarkets.fr\/app\/wp-json\/wp\/v2\/product\/922161"}],"collection":[{"href":"https:\/\/streetmarkets.fr\/app\/wp-json\/wp\/v2\/product"}],"about":[{"href":"https:\/\/streetmarkets.fr\/app\/wp-json\/wp\/v2\/types\/product"}],"replies":[{"embeddable":true,"href":"https:\/\/streetmarkets.fr\/app\/wp-json\/wp\/v2\/comments?post=922161"}],"wp:featuredmedia":[{"embeddable":true,"href":"https:\/\/streetmarkets.fr\/app\/wp-json\/wp\/v2\/media\/922162"}],"wp:attachment":[{"href":"https:\/\/streetmarkets.fr\/app\/wp-json\/wp\/v2\/media?parent=922161"}],"wp:term":[{"taxonomy":"product_brand","embeddable":true,"href":"https:\/\/streetmarkets.fr\/app\/wp-json\/wp\/v2\/product_brand?post=922161"},{"taxonomy":"product_cat","embeddable":true,"href":"https:\/\/streetmarkets.fr\/app\/wp-json\/wp\/v2\/product_cat?post=922161"},{"taxonomy":"product_tag","embeddable":true,"href":"https:\/\/streetmarkets.fr\/app\/wp-json\/wp\/v2\/product_tag?post=922161"}],"curies":[{"name":"wp","href":"https:\/\/api.w.org\/{rel}","templated":true}]}}