{"id":922148,"date":"2024-12-03T04:22:21","date_gmt":"2024-12-03T03:22:21","guid":{"rendered":"https:\/\/streetmarkets.fr\/app\/produit\/robe-zoe-verte\/"},"modified":"2026-05-07T05:21:40","modified_gmt":"2026-05-07T03:21:40","slug":"robe-zoe-verte","status":"publish","type":"product","link":"https:\/\/streetmarkets.fr\/app\/produit\/robe-zoe-verte\/","title":{"rendered":"Robe ZO\u00c9 Verte"},"content":{"rendered":"<p>Robe en viscose imprim\u00e9e effet patch avec des empi\u00e8cements unis et du velours.<br \/>\nMod\u00e8le doubl\u00e9. Elastique \u00e0 la taille, et ceinture \u00e0 nouer.<\/p>\n<p>Prix:245 \u20ac  -50%= 122,50\u20ac<\/p>\n","protected":false},"excerpt":{"rendered":"<p>Robe en viscose imprim\u00e9e effet patch avec des empi\u00e8cements unis et du velours. Mod\u00e8le doubl\u00e9. Elastique \u00e0 la taille, et ceinture \u00e0 nouer. Prix:245 \u20ac -50%= 122,50\u20ac<\/p>\n","protected":false},"featured_media":922149,"comment_status":"open","ping_status":"closed","template":"","meta":[],"product_brand":[1310],"product_cat":[1756,1762],"product_tag":[1813],"acf":[],"_links":{"self":[{"href":"https:\/\/streetmarkets.fr\/app\/wp-json\/wp\/v2\/product\/922148"}],"collection":[{"href":"https:\/\/streetmarkets.fr\/app\/wp-json\/wp\/v2\/product"}],"about":[{"href":"https:\/\/streetmarkets.fr\/app\/wp-json\/wp\/v2\/types\/product"}],"replies":[{"embeddable":true,"href":"https:\/\/streetmarkets.fr\/app\/wp-json\/wp\/v2\/comments?post=922148"}],"wp:featuredmedia":[{"embeddable":true,"href":"https:\/\/streetmarkets.fr\/app\/wp-json\/wp\/v2\/media\/922149"}],"wp:attachment":[{"href":"https:\/\/streetmarkets.fr\/app\/wp-json\/wp\/v2\/media?parent=922148"}],"wp:term":[{"taxonomy":"product_brand","embeddable":true,"href":"https:\/\/streetmarkets.fr\/app\/wp-json\/wp\/v2\/product_brand?post=922148"},{"taxonomy":"product_cat","embeddable":true,"href":"https:\/\/streetmarkets.fr\/app\/wp-json\/wp\/v2\/product_cat?post=922148"},{"taxonomy":"product_tag","embeddable":true,"href":"https:\/\/streetmarkets.fr\/app\/wp-json\/wp\/v2\/product_tag?post=922148"}],"curies":[{"name":"wp","href":"https:\/\/api.w.org\/{rel}","templated":true}]}}