{"id":916181,"date":"2024-12-03T01:11:59","date_gmt":"2024-12-03T00:11:59","guid":{"rendered":"https:\/\/streetmarkets.fr\/app\/produit\/pull-col-montant-h24-femme-beige\/"},"modified":"2025-02-04T01:10:26","modified_gmt":"2025-02-04T00:10:26","slug":"pull-col-montant-h24-femme-beige","status":"publish","type":"product","link":"https:\/\/streetmarkets.fr\/app\/produit\/pull-col-montant-h24-femme-beige\/","title":{"rendered":"Pull Col Montant (H24 \/ FEMME \/ Beige)"},"content":{"rendered":"<p>Sommets enneig\u00e9s, douceur infinie. Sublim\u00e9 par un imprim\u00e9 montagne et une signature &#8220;Winter Season From Future&#8221;, ce pull en cachemire vient r\u00e9chauffer votre allure de saison. Son col montant, ses bords c\u00f4tel\u00e9s et contrast\u00e9s dessinent une silhouette \u00e9l\u00e9gante, pr\u00eate \u00e0 conqu\u00e9rir les pistes avec style.<\/p>\n<p>&#8211; Pull en cachemire certifi\u00e9 GCS\u00ae Femme<br \/>\n<br \/>&#8211; Imprim\u00e9s montagnes enneig\u00e9es<br \/>\n<br \/>&#8211; Inscription &#8220;Winter Season From Future&#8221;<br \/>\n<br \/>&#8211; Col montant<br \/>\n<br \/>&#8211; Manches longues<br \/>\n<br \/>&#8211; Bords c\u00f4tel\u00e9s \u00e0 liser\u00e9s contrast\u00e9s<br \/>\n<br \/>&#8211; Coupe regular<br \/>\n<br \/>&#8211; Le Good Cashmere Standard\u00ae (GCS) est une norme ind\u00e9pendante pour un cachemire plus durable et plus responsable. Il vise \u00e0 am\u00e9liorer le bien-\u00eatre des ch\u00e8vres cachemire, les conditions de travail des \u00e9leveurs ainsi qu&#8217;\u00e0 prot\u00e9ger l&#8217;environnement.<br \/>&#8211; <u>Cachemire 4 fils<\/u> <\/p>\n","protected":false},"excerpt":{"rendered":"<p>Sommets enneig\u00e9s, douceur infinie. Sublim\u00e9 par un imprim\u00e9 montagne et une signature &#8220;Winter Season From Future&#8221;, ce pull en cachemire vient r\u00e9chauffer votre allure de saison. Son col montant, ses bords c\u00f4tel\u00e9s et contrast\u00e9s dessinent une silhouette \u00e9l\u00e9gante, pr\u00eate \u00e0 conqu\u00e9rir les pistes avec style. &#8211; Pull en cachemire certifi\u00e9 GCS\u00ae Femme &#8211; Imprim\u00e9s montagnes [&hellip;]<\/p>\n","protected":false},"featured_media":916182,"comment_status":"open","ping_status":"closed","template":"","meta":[],"product_brand":[6868],"product_cat":[1756,1762],"product_tag":[2244],"acf":[],"_links":{"self":[{"href":"https:\/\/streetmarkets.fr\/app\/wp-json\/wp\/v2\/product\/916181"}],"collection":[{"href":"https:\/\/streetmarkets.fr\/app\/wp-json\/wp\/v2\/product"}],"about":[{"href":"https:\/\/streetmarkets.fr\/app\/wp-json\/wp\/v2\/types\/product"}],"replies":[{"embeddable":true,"href":"https:\/\/streetmarkets.fr\/app\/wp-json\/wp\/v2\/comments?post=916181"}],"wp:featuredmedia":[{"embeddable":true,"href":"https:\/\/streetmarkets.fr\/app\/wp-json\/wp\/v2\/media\/916182"}],"wp:attachment":[{"href":"https:\/\/streetmarkets.fr\/app\/wp-json\/wp\/v2\/media?parent=916181"}],"wp:term":[{"taxonomy":"product_brand","embeddable":true,"href":"https:\/\/streetmarkets.fr\/app\/wp-json\/wp\/v2\/product_brand?post=916181"},{"taxonomy":"product_cat","embeddable":true,"href":"https:\/\/streetmarkets.fr\/app\/wp-json\/wp\/v2\/product_cat?post=916181"},{"taxonomy":"product_tag","embeddable":true,"href":"https:\/\/streetmarkets.fr\/app\/wp-json\/wp\/v2\/product_tag?post=916181"}],"curies":[{"name":"wp","href":"https:\/\/api.w.org\/{rel}","templated":true}]}}