{"id":916171,"date":"2024-12-03T01:11:58","date_gmt":"2024-12-03T00:11:58","guid":{"rendered":"https:\/\/streetmarkets.fr\/app\/produit\/pull-hoodie-montagne-h24-femme-ecru\/"},"modified":"2025-01-29T01:08:44","modified_gmt":"2025-01-29T00:08:44","slug":"pull-hoodie-montagne-h24-femme-ecru","status":"publish","type":"product","link":"https:\/\/streetmarkets.fr\/app\/produit\/pull-hoodie-montagne-h24-femme-ecru\/","title":{"rendered":"Pull Hoodie Montagne (H24 \/ FEMME \/ Ecru)"},"content":{"rendered":"<p>Twistez votre winter silhouette avec ce pull hoodie confectionn\u00e9 en cachemire. Muni d\u2019une capuche et de manches longues, il d\u00e9voile un motif contrast\u00e9 &#8220;Mountain&#8221; au dos, r\u00e9v\u00e9lant des sommets enneig\u00e9s. Id\u00e9al pour r\u00e9chauffer votre allure, il s\u2019associe \u00e0 un t-shirt et un pantalon ample.<\/p>\n<p>&#8211; Pull hoodie en cachemire certifi\u00e9 GCS\u00ae Femme<br \/>\n<br \/>&#8211; Motif contrast\u00e9 &#8220;Mountain&#8221; au dos<br \/>\n<br \/>&#8211; Capuche<br \/>\n<br \/>&#8211; Manches longues<br \/>\n<br \/>&#8211; Bords c\u00f4tel\u00e9s<br \/>\n<br \/>&#8211; Coupe regular<br \/>\n<br \/>&#8211; Le Good Cashmere Standard\u00ae (GCS) est une norme ind\u00e9pendante pour un cachemire plus durable et plus responsable. Il vise \u00e0 am\u00e9liorer le bien-\u00eatre des ch\u00e8vres cachemire, les conditions de travail des \u00e9leveurs ainsi qu&#8217;\u00e0 prot\u00e9ger l&#8217;environnement.<br \/>&#8211; <u>Cachemire 4 fils<\/u> <\/p>\n","protected":false},"excerpt":{"rendered":"<p>Twistez votre winter silhouette avec ce pull hoodie confectionn\u00e9 en cachemire. Muni d\u2019une capuche et de manches longues, il d\u00e9voile un motif contrast\u00e9 &#8220;Mountain&#8221; au dos, r\u00e9v\u00e9lant des sommets enneig\u00e9s. Id\u00e9al pour r\u00e9chauffer votre allure, il s\u2019associe \u00e0 un t-shirt et un pantalon ample. &#8211; Pull hoodie en cachemire certifi\u00e9 GCS\u00ae Femme &#8211; Motif contrast\u00e9 [&hellip;]<\/p>\n","protected":false},"featured_media":916172,"comment_status":"open","ping_status":"closed","template":"","meta":[],"product_brand":[6868],"product_cat":[1756,1762],"product_tag":[2244],"acf":[],"_links":{"self":[{"href":"https:\/\/streetmarkets.fr\/app\/wp-json\/wp\/v2\/product\/916171"}],"collection":[{"href":"https:\/\/streetmarkets.fr\/app\/wp-json\/wp\/v2\/product"}],"about":[{"href":"https:\/\/streetmarkets.fr\/app\/wp-json\/wp\/v2\/types\/product"}],"replies":[{"embeddable":true,"href":"https:\/\/streetmarkets.fr\/app\/wp-json\/wp\/v2\/comments?post=916171"}],"wp:featuredmedia":[{"embeddable":true,"href":"https:\/\/streetmarkets.fr\/app\/wp-json\/wp\/v2\/media\/916172"}],"wp:attachment":[{"href":"https:\/\/streetmarkets.fr\/app\/wp-json\/wp\/v2\/media?parent=916171"}],"wp:term":[{"taxonomy":"product_brand","embeddable":true,"href":"https:\/\/streetmarkets.fr\/app\/wp-json\/wp\/v2\/product_brand?post=916171"},{"taxonomy":"product_cat","embeddable":true,"href":"https:\/\/streetmarkets.fr\/app\/wp-json\/wp\/v2\/product_cat?post=916171"},{"taxonomy":"product_tag","embeddable":true,"href":"https:\/\/streetmarkets.fr\/app\/wp-json\/wp\/v2\/product_tag?post=916171"}],"curies":[{"name":"wp","href":"https:\/\/api.w.org\/{rel}","templated":true}]}}