{"id":916147,"date":"2024-12-03T01:11:41","date_gmt":"2024-12-03T00:11:41","guid":{"rendered":"https:\/\/streetmarkets.fr\/app\/produit\/pull-col-camionneur-bandes-h24-homme-gris-chine-fonce\/"},"modified":"2025-03-05T01:02:28","modified_gmt":"2025-03-05T00:02:28","slug":"pull-col-camionneur-bandes-h24-homme-gris-chine-fonce","status":"publish","type":"product","link":"https:\/\/streetmarkets.fr\/app\/produit\/pull-col-camionneur-bandes-h24-homme-gris-chine-fonce\/","title":{"rendered":"Pull Col Camionneur Bandes (H24 \/ HOMME \/ Gris Chin\u00e9 Fonc\u00e9)"},"content":{"rendered":"<p>Ce pull oversize en cachemire 4 fils, rehauss\u00e9 de l&#8217;inscription &#8220;Sports d&#8217;Hiver From Future&#8221;, conjugue audace et \u00e9l\u00e9gance. Un col camionneur et des lignes \u00e9pur\u00e9es dessinent une allure affirm\u00e9e, pr\u00eat \u00e0 conqu\u00e9rir les pistes avec style. Associez-le \u00e0 un pantalon ample et un bonnet pour un look chic et casual.<\/p>\n<p>&#8211; Pull en cachemire 4 fils certifi\u00e9 GCS\u00ae Homme<br \/>\n<br \/>&#8211; Imprim\u00e9 &#8220;Sports d\u2019Hiver From Future&#8221;<br \/>\n<br \/>&#8211; Lignes contrast\u00e9es<br \/>\n<br \/>&#8211; Col camionneur<br \/>\n<br \/>&#8211; Manches longues<br \/>\n<br \/>&#8211; Bords c\u00f4tel\u00e9s<br \/>\n<br \/>&#8211; Coupe oversize<br \/>\n<br \/>&#8211; Le Good Cashmere Standard\u00ae (GCS) est une norme ind\u00e9pendante pour un cachemire plus durable et plus responsable. Il vise \u00e0 am\u00e9liorer le bien-\u00eatre des ch\u00e8vres cachemire, les conditions de travail des \u00e9leveurs ainsi qu&#8217;\u00e0 prot\u00e9ger l&#8217;environnement.<\/p>\n","protected":false},"excerpt":{"rendered":"<p>Ce pull oversize en cachemire 4 fils, rehauss\u00e9 de l&#8217;inscription &#8220;Sports d&#8217;Hiver From Future&#8221;, conjugue audace et \u00e9l\u00e9gance. Un col camionneur et des lignes \u00e9pur\u00e9es dessinent une allure affirm\u00e9e, pr\u00eat \u00e0 conqu\u00e9rir les pistes avec style. Associez-le \u00e0 un pantalon ample et un bonnet pour un look chic et casual. &#8211; Pull en cachemire 4 [&hellip;]<\/p>\n","protected":false},"featured_media":916148,"comment_status":"open","ping_status":"closed","template":"","meta":[],"product_brand":[6868],"product_cat":[1756,1758],"product_tag":[2244],"acf":[],"_links":{"self":[{"href":"https:\/\/streetmarkets.fr\/app\/wp-json\/wp\/v2\/product\/916147"}],"collection":[{"href":"https:\/\/streetmarkets.fr\/app\/wp-json\/wp\/v2\/product"}],"about":[{"href":"https:\/\/streetmarkets.fr\/app\/wp-json\/wp\/v2\/types\/product"}],"replies":[{"embeddable":true,"href":"https:\/\/streetmarkets.fr\/app\/wp-json\/wp\/v2\/comments?post=916147"}],"wp:featuredmedia":[{"embeddable":true,"href":"https:\/\/streetmarkets.fr\/app\/wp-json\/wp\/v2\/media\/916148"}],"wp:attachment":[{"href":"https:\/\/streetmarkets.fr\/app\/wp-json\/wp\/v2\/media?parent=916147"}],"wp:term":[{"taxonomy":"product_brand","embeddable":true,"href":"https:\/\/streetmarkets.fr\/app\/wp-json\/wp\/v2\/product_brand?post=916147"},{"taxonomy":"product_cat","embeddable":true,"href":"https:\/\/streetmarkets.fr\/app\/wp-json\/wp\/v2\/product_cat?post=916147"},{"taxonomy":"product_tag","embeddable":true,"href":"https:\/\/streetmarkets.fr\/app\/wp-json\/wp\/v2\/product_tag?post=916147"}],"curies":[{"name":"wp","href":"https:\/\/api.w.org\/{rel}","templated":true}]}}