{"id":915988,"date":"2024-12-02T06:43:17","date_gmt":"2024-12-02T05:43:17","guid":{"rendered":"https:\/\/streetmarkets.fr\/app\/produit\/lot-ruby\/"},"modified":"2025-04-23T07:42:06","modified_gmt":"2025-04-23T05:42:06","slug":"lot-ruby","status":"publish","type":"product","link":"https:\/\/streetmarkets.fr\/app\/produit\/lot-ruby\/","title":{"rendered":"LOT RUBY"},"content":{"rendered":"<p>Transformez chaque \u00e9v\u00e9nement en un moment inoubliable gr\u00e2ce \u00e0 ce <strong>lot de bijoux chic et raffin\u00e9<\/strong> ! Sp\u00e9cialement con\u00e7u pour les femmes en qu\u00eate de style et de durabilit\u00e9, ce coffret r\u00e9unit trois pi\u00e8ces incontournables, id\u00e9ales pour toutes les occasions sp\u00e9ciales.<\/p>\n<p>&nbsp;<\/p>\n<p><strong>Deux boucles d&#8217;oreilles en acier inoxydable<\/strong><\/p>\n<p><strong>Une bague en acier avec boucle design<\/strong><\/p>\n<p><strong>Un collier d\u00e9licat et intemporel<\/strong><\/p>\n<p>Pourquoi choisir ce lot ?: <\/p>\n<p><strong>Qualit\u00e9 et durabilit\u00e9<\/strong> : Fabriqu\u00e9 en acier inoxydable, ce lot r\u00e9siste \u00e0 l\u2019usure du temps et conserve son \u00e9clat.<\/p>\n<ul>\n<li>&nbsp;<strong>Polyvalence<\/strong> : Id\u00e9al pour un mariage, un gala ou tout \u00e9v\u00e9nement chic.<\/li>\n<li><strong>Prix attractif<\/strong> : Tout le charme de bijoux haut de gamme \u00e0 un prix abordable.<\/li>\n<\/ul>\n<p>Offrez-vous ce cadeau exclusif ou faites-en un cadeau parfait pour une femme sp\u00e9ciale. <strong>Faites de chaque instant une occasion de briller !<\/strong><\/p>\n<p><\/p>\n","protected":false},"excerpt":{"rendered":"<p>Transformez chaque \u00e9v\u00e9nement en un moment inoubliable gr\u00e2ce \u00e0 ce lot de bijoux chic et raffin\u00e9 ! Sp\u00e9cialement con\u00e7u pour les femmes en qu\u00eate de style et de durabilit\u00e9, ce coffret r\u00e9unit trois pi\u00e8ces incontournables, id\u00e9ales pour toutes les occasions sp\u00e9ciales. &nbsp; Deux boucles d&#8217;oreilles en acier inoxydable Une bague en acier avec boucle design [&hellip;]<\/p>\n","protected":false},"featured_media":915989,"comment_status":"open","ping_status":"closed","template":"","meta":[],"product_brand":[],"product_cat":[1756],"product_tag":[1813],"acf":[],"_links":{"self":[{"href":"https:\/\/streetmarkets.fr\/app\/wp-json\/wp\/v2\/product\/915988"}],"collection":[{"href":"https:\/\/streetmarkets.fr\/app\/wp-json\/wp\/v2\/product"}],"about":[{"href":"https:\/\/streetmarkets.fr\/app\/wp-json\/wp\/v2\/types\/product"}],"replies":[{"embeddable":true,"href":"https:\/\/streetmarkets.fr\/app\/wp-json\/wp\/v2\/comments?post=915988"}],"wp:featuredmedia":[{"embeddable":true,"href":"https:\/\/streetmarkets.fr\/app\/wp-json\/wp\/v2\/media\/915989"}],"wp:attachment":[{"href":"https:\/\/streetmarkets.fr\/app\/wp-json\/wp\/v2\/media?parent=915988"}],"wp:term":[{"taxonomy":"product_brand","embeddable":true,"href":"https:\/\/streetmarkets.fr\/app\/wp-json\/wp\/v2\/product_brand?post=915988"},{"taxonomy":"product_cat","embeddable":true,"href":"https:\/\/streetmarkets.fr\/app\/wp-json\/wp\/v2\/product_cat?post=915988"},{"taxonomy":"product_tag","embeddable":true,"href":"https:\/\/streetmarkets.fr\/app\/wp-json\/wp\/v2\/product_tag?post=915988"}],"curies":[{"name":"wp","href":"https:\/\/api.w.org\/{rel}","templated":true}]}}