{"id":915976,"date":"2024-12-02T06:43:16","date_gmt":"2024-12-02T05:43:16","guid":{"rendered":"https:\/\/streetmarkets.fr\/app\/produit\/lot-lilas-de-seine\/"},"modified":"2025-04-23T07:42:05","modified_gmt":"2025-04-23T05:42:05","slug":"lot-lilas-de-seine","status":"publish","type":"product","link":"https:\/\/streetmarkets.fr\/app\/produit\/lot-lilas-de-seine\/","title":{"rendered":"LOT LILAS DE SEINE"},"content":{"rendered":"<p><strong>Des boucles d&#8217;oreilles qui font toute la diff\u00e9rence !<\/strong><\/p>\n<p>&nbsp;<\/p>\n<p>D\u00e9couvrez nos mini boucles d&#8217;oreilles en acier inoxydable, parfaites pour sublimer chaque look avec \u00e9l\u00e9gance et simplicit\u00e9. Hypoallerg\u00e9niques, elles conviennent aux peaux sensibles et offrent un confort durable, m\u00eame pour celles qui aiment porter plusieurs bijoux \u00e0 la fois.&nbsp;<\/p>\n<p>&nbsp;<\/p>\n<p>Leur design minimaliste et intemporel en fait le cadeau id\u00e9al pour la fin de l&#8217;ann\u00e9e \u2013 un pr\u00e9sent \u00e0 la fois raffin\u00e9 et attentionn\u00e9, \u00e0 offrir ou \u00e0 s&#8217;offrir.&nbsp;<\/p>\n<p>&nbsp;<\/p>\n<p><strong>Un petit bijou pour un grand effet !<\/strong>&nbsp;<\/p>\n","protected":false},"excerpt":{"rendered":"<p>Des boucles d&#8217;oreilles qui font toute la diff\u00e9rence ! &nbsp; D\u00e9couvrez nos mini boucles d&#8217;oreilles en acier inoxydable, parfaites pour sublimer chaque look avec \u00e9l\u00e9gance et simplicit\u00e9. Hypoallerg\u00e9niques, elles conviennent aux peaux sensibles et offrent un confort durable, m\u00eame pour celles qui aiment porter plusieurs bijoux \u00e0 la fois.&nbsp; &nbsp; Leur design minimaliste et intemporel [&hellip;]<\/p>\n","protected":false},"featured_media":915977,"comment_status":"open","ping_status":"closed","template":"","meta":[],"product_brand":[],"product_cat":[1756],"product_tag":[1813],"acf":[],"_links":{"self":[{"href":"https:\/\/streetmarkets.fr\/app\/wp-json\/wp\/v2\/product\/915976"}],"collection":[{"href":"https:\/\/streetmarkets.fr\/app\/wp-json\/wp\/v2\/product"}],"about":[{"href":"https:\/\/streetmarkets.fr\/app\/wp-json\/wp\/v2\/types\/product"}],"replies":[{"embeddable":true,"href":"https:\/\/streetmarkets.fr\/app\/wp-json\/wp\/v2\/comments?post=915976"}],"wp:featuredmedia":[{"embeddable":true,"href":"https:\/\/streetmarkets.fr\/app\/wp-json\/wp\/v2\/media\/915977"}],"wp:attachment":[{"href":"https:\/\/streetmarkets.fr\/app\/wp-json\/wp\/v2\/media?parent=915976"}],"wp:term":[{"taxonomy":"product_brand","embeddable":true,"href":"https:\/\/streetmarkets.fr\/app\/wp-json\/wp\/v2\/product_brand?post=915976"},{"taxonomy":"product_cat","embeddable":true,"href":"https:\/\/streetmarkets.fr\/app\/wp-json\/wp\/v2\/product_cat?post=915976"},{"taxonomy":"product_tag","embeddable":true,"href":"https:\/\/streetmarkets.fr\/app\/wp-json\/wp\/v2\/product_tag?post=915976"}],"curies":[{"name":"wp","href":"https:\/\/api.w.org\/{rel}","templated":true}]}}