{"id":915972,"date":"2024-12-02T06:43:16","date_gmt":"2024-12-02T05:43:16","guid":{"rendered":"https:\/\/streetmarkets.fr\/app\/produit\/lot-yasmina\/"},"modified":"2025-04-23T07:42:05","modified_gmt":"2025-04-23T05:42:05","slug":"lot-yasmina","status":"publish","type":"product","link":"https:\/\/streetmarkets.fr\/app\/produit\/lot-yasmina\/","title":{"rendered":"LOT YASMINA"},"content":{"rendered":"<p>Texte de Vente pour un Lot de Bijoux \u00c9l\u00e9gants et Authentiques<\/p>\n<p>Plongez dans l&#8217;\u00e9l\u00e9gance intemporelle avec ce <strong>lot exclusif de bijoux en pierres naturelles et acier inoxydable<\/strong>, parfait pour sublimer toutes vos tenues, du quotidien aux grandes occasions.<\/p>\n<p>&nbsp;<\/p>\n<p><strong>Bracelet \u00e9lastique bleu et rose<\/strong><br \/>Ce bracelet en pierres marbr\u00e9es naturelles de 6 mm est une ode \u00e0 la simplicit\u00e9 et \u00e0 la finesse. Ses teintes d\u00e9licates de bleu et de rose se marient harmonieusement pour un look doux et raffin\u00e9. Fabriqu\u00e9 \u00e0 partir de mat\u00e9riaux de haute qualit\u00e9 comme l&#8217;acier inoxydable, il est <strong>sans nickel, sans plomb, sans cadmium<\/strong> et 100% <strong>anti-allergique<\/strong>. Offrez-vous ou offrez un bijou fantaisie qui allie style, confort et durabilit\u00e9.<\/p>\n<p>&nbsp;<\/p>\n<p><strong>&nbsp;Bague bouclier boh\u00e8me-chic<\/strong><br \/>Ajoutez une touche de caract\u00e8re avec cette superbe bague en acier inoxydable, orn\u00e9e de trois cabochons en pierres naturelles et nacre v\u00e9ritable. Son design ouvert et r\u00e9glable (diam\u00e8tre et hauteur de 2 cm) s\u2019adapte confortablement \u00e0 tous les doigts tout en apportant une note de charme boh\u00e8me-chic. Comme le bracelet, cette bague est <strong>hypoallerg\u00e9nique<\/strong> et respecte les peaux sensibles, gr\u00e2ce \u00e0 l&#8217;absence de nickel, plomb et cadmium.<\/p>\n<p>&nbsp;<\/p>\n<p>Pourquoi choisir ce lot ?: <\/p>\n<ul>\n<li><strong>Des mat\u00e9riaux authentiques<\/strong> : pierres naturelles et acier inoxydable durable.<\/li>\n<li><strong>Un design \u00e9l\u00e9gant et polyvalent<\/strong> : parfait pour toutes les occasions.<\/li>\n<li><strong>Un confort garanti<\/strong> : bijoux anti-allergiques respectant les peaux sensibles.<\/li>\n<\/ul>\n<p>Craquez pour ce lot raffin\u00e9 et laissez la magie des pierres naturelles sublimer votre style. Faites-vous plaisir ou offrez-le \u00e0 un \u00eatre cher pour un cadeau unique et intemporel !<\/p>\n<p><\/p>\n","protected":false},"excerpt":{"rendered":"<p>Texte de Vente pour un Lot de Bijoux \u00c9l\u00e9gants et Authentiques Plongez dans l&#8217;\u00e9l\u00e9gance intemporelle avec ce lot exclusif de bijoux en pierres naturelles et acier inoxydable, parfait pour sublimer toutes vos tenues, du quotidien aux grandes occasions. &nbsp; Bracelet \u00e9lastique bleu et roseCe bracelet en pierres marbr\u00e9es naturelles de 6 mm est une ode [&hellip;]<\/p>\n","protected":false},"featured_media":915973,"comment_status":"open","ping_status":"closed","template":"","meta":[],"product_brand":[],"product_cat":[1756],"product_tag":[1813],"acf":[],"_links":{"self":[{"href":"https:\/\/streetmarkets.fr\/app\/wp-json\/wp\/v2\/product\/915972"}],"collection":[{"href":"https:\/\/streetmarkets.fr\/app\/wp-json\/wp\/v2\/product"}],"about":[{"href":"https:\/\/streetmarkets.fr\/app\/wp-json\/wp\/v2\/types\/product"}],"replies":[{"embeddable":true,"href":"https:\/\/streetmarkets.fr\/app\/wp-json\/wp\/v2\/comments?post=915972"}],"wp:featuredmedia":[{"embeddable":true,"href":"https:\/\/streetmarkets.fr\/app\/wp-json\/wp\/v2\/media\/915973"}],"wp:attachment":[{"href":"https:\/\/streetmarkets.fr\/app\/wp-json\/wp\/v2\/media?parent=915972"}],"wp:term":[{"taxonomy":"product_brand","embeddable":true,"href":"https:\/\/streetmarkets.fr\/app\/wp-json\/wp\/v2\/product_brand?post=915972"},{"taxonomy":"product_cat","embeddable":true,"href":"https:\/\/streetmarkets.fr\/app\/wp-json\/wp\/v2\/product_cat?post=915972"},{"taxonomy":"product_tag","embeddable":true,"href":"https:\/\/streetmarkets.fr\/app\/wp-json\/wp\/v2\/product_tag?post=915972"}],"curies":[{"name":"wp","href":"https:\/\/api.w.org\/{rel}","templated":true}]}}