{"id":915948,"date":"2024-12-02T04:22:17","date_gmt":"2024-12-02T03:22:17","guid":{"rendered":"https:\/\/streetmarkets.fr\/app\/produit\/manteau-twiggy\/"},"modified":"2026-05-07T05:21:39","modified_gmt":"2026-05-07T03:21:39","slug":"manteau-twiggy","status":"publish","type":"product","link":"https:\/\/streetmarkets.fr\/app\/produit\/manteau-twiggy\/","title":{"rendered":"MANTEAU TWIGGY"},"content":{"rendered":"<p>Manteau bi-mati\u00e8res:<br \/>\nMaille \u00e9paisse au motif ray\u00e9 noir et beige clair, tr\u00e8s graphique avec 50% laine.<br \/>\nManches en drap de laine bleu roi 100% laine.<br \/>\nFinitions des poches avec bords cotes.<br \/>\nEmmanchures plut\u00f4t larges: tr\u00e8s facile de porter un pull en dessous<br \/>\nManteau doubl\u00e9<\/p>\n<p>Prix:375 \u20ac  -50% = 187,50\u20ac<\/p>\n","protected":false},"excerpt":{"rendered":"<p>Manteau bi-mati\u00e8res: Maille \u00e9paisse au motif ray\u00e9 noir et beige clair, tr\u00e8s graphique avec 50% laine. Manches en drap de laine bleu roi 100% laine. Finitions des poches avec bords cotes. Emmanchures plut\u00f4t larges: tr\u00e8s facile de porter un pull en dessous Manteau doubl\u00e9 Prix:375 \u20ac -50% = 187,50\u20ac<\/p>\n","protected":false},"featured_media":915949,"comment_status":"open","ping_status":"closed","template":"","meta":[],"product_brand":[1310],"product_cat":[1756,1762],"product_tag":[1813],"acf":[],"_links":{"self":[{"href":"https:\/\/streetmarkets.fr\/app\/wp-json\/wp\/v2\/product\/915948"}],"collection":[{"href":"https:\/\/streetmarkets.fr\/app\/wp-json\/wp\/v2\/product"}],"about":[{"href":"https:\/\/streetmarkets.fr\/app\/wp-json\/wp\/v2\/types\/product"}],"replies":[{"embeddable":true,"href":"https:\/\/streetmarkets.fr\/app\/wp-json\/wp\/v2\/comments?post=915948"}],"wp:featuredmedia":[{"embeddable":true,"href":"https:\/\/streetmarkets.fr\/app\/wp-json\/wp\/v2\/media\/915949"}],"wp:attachment":[{"href":"https:\/\/streetmarkets.fr\/app\/wp-json\/wp\/v2\/media?parent=915948"}],"wp:term":[{"taxonomy":"product_brand","embeddable":true,"href":"https:\/\/streetmarkets.fr\/app\/wp-json\/wp\/v2\/product_brand?post=915948"},{"taxonomy":"product_cat","embeddable":true,"href":"https:\/\/streetmarkets.fr\/app\/wp-json\/wp\/v2\/product_cat?post=915948"},{"taxonomy":"product_tag","embeddable":true,"href":"https:\/\/streetmarkets.fr\/app\/wp-json\/wp\/v2\/product_tag?post=915948"}],"curies":[{"name":"wp","href":"https:\/\/api.w.org\/{rel}","templated":true}]}}