{"id":915923,"date":"2024-12-02T04:22:14","date_gmt":"2024-12-02T03:22:14","guid":{"rendered":"https:\/\/streetmarkets.fr\/app\/produit\/sweat-cruella-ocre\/"},"modified":"2026-05-10T05:21:14","modified_gmt":"2026-05-10T03:21:14","slug":"sweat-cruella-ocre","status":"publish","type":"product","link":"https:\/\/streetmarkets.fr\/app\/produit\/sweat-cruella-ocre\/","title":{"rendered":"Sweat CRUELLA ocre"},"content":{"rendered":"<p>Pull en molleton \u00e9pais tr\u00e8s doux \u00e0 l&#8217;int\u00e9rieur (gratt\u00e9).<br \/>\nManches chauves-souris soulign\u00e9es d&#8217;un \u00e9pais passepoil or aux emmanchures.<br \/>\nPlastron devant en fausse fourrure print\u00e9e.<\/p>\n<p>Prix : 168\u20ac  -50%= 84\u20ac<\/p>\n","protected":false},"excerpt":{"rendered":"<p>Pull en molleton \u00e9pais tr\u00e8s doux \u00e0 l&#8217;int\u00e9rieur (gratt\u00e9). Manches chauves-souris soulign\u00e9es d&#8217;un \u00e9pais passepoil or aux emmanchures. Plastron devant en fausse fourrure print\u00e9e. Prix : 168\u20ac -50%= 84\u20ac<\/p>\n","protected":false},"featured_media":915924,"comment_status":"open","ping_status":"closed","template":"","meta":[],"product_brand":[1310],"product_cat":[1756,1762],"product_tag":[1813],"acf":[],"_links":{"self":[{"href":"https:\/\/streetmarkets.fr\/app\/wp-json\/wp\/v2\/product\/915923"}],"collection":[{"href":"https:\/\/streetmarkets.fr\/app\/wp-json\/wp\/v2\/product"}],"about":[{"href":"https:\/\/streetmarkets.fr\/app\/wp-json\/wp\/v2\/types\/product"}],"replies":[{"embeddable":true,"href":"https:\/\/streetmarkets.fr\/app\/wp-json\/wp\/v2\/comments?post=915923"}],"wp:featuredmedia":[{"embeddable":true,"href":"https:\/\/streetmarkets.fr\/app\/wp-json\/wp\/v2\/media\/915924"}],"wp:attachment":[{"href":"https:\/\/streetmarkets.fr\/app\/wp-json\/wp\/v2\/media?parent=915923"}],"wp:term":[{"taxonomy":"product_brand","embeddable":true,"href":"https:\/\/streetmarkets.fr\/app\/wp-json\/wp\/v2\/product_brand?post=915923"},{"taxonomy":"product_cat","embeddable":true,"href":"https:\/\/streetmarkets.fr\/app\/wp-json\/wp\/v2\/product_cat?post=915923"},{"taxonomy":"product_tag","embeddable":true,"href":"https:\/\/streetmarkets.fr\/app\/wp-json\/wp\/v2\/product_tag?post=915923"}],"curies":[{"name":"wp","href":"https:\/\/api.w.org\/{rel}","templated":true}]}}