{"id":911021,"date":"2024-12-02T00:48:26","date_gmt":"2024-12-01T23:48:26","guid":{"rendered":"https:\/\/streetmarkets.fr\/app\/produit\/collier-cuenca-en-ivoire-vegetal\/"},"modified":"2026-05-06T01:43:51","modified_gmt":"2026-05-05T23:43:51","slug":"collier-cuenca-en-ivoire-vegetal","status":"publish","type":"product","link":"https:\/\/streetmarkets.fr\/app\/produit\/collier-cuenca-en-ivoire-vegetal\/","title":{"rendered":"Collier Cuenca en ivoire v\u00e9g\u00e9tal"},"content":{"rendered":"<ul>\n<li>pendentif en\u00a0<strong>ivoire v\u00e9g\u00e9tal<\/strong>\n<\/li>\n<li>tons turquoise<\/li>\n<li>\n<span>noix de\u00a0<\/span><strong>tagua<\/strong><span>\u00a0: albumen durci du fruit d&#8217;un palmier d&#8217;Am\u00e9rique du sud<\/span>\n<\/li>\n<li>r\u00e9alis\u00e9 par des artisans en <strong>Equateur<\/strong>\n<\/li>\n<li><strong>commerce \u00e9quitable<\/strong><\/li>\n<li>marque<strong> Tagua and Co<\/strong>\n<\/li>\n<\/ul>\n","protected":false},"excerpt":{"rendered":"<p>pendentif en\u00a0ivoire v\u00e9g\u00e9tal tons turquoise noix de\u00a0tagua\u00a0: albumen durci du fruit d&#8217;un palmier d&#8217;Am\u00e9rique du sud r\u00e9alis\u00e9 par des artisans en Equateur commerce \u00e9quitable marque Tagua and Co<\/p>\n","protected":false},"featured_media":911022,"comment_status":"open","ping_status":"closed","template":"","meta":[],"product_brand":[],"product_cat":[1807,1756],"product_tag":[1810,1813],"acf":[],"_links":{"self":[{"href":"https:\/\/streetmarkets.fr\/app\/wp-json\/wp\/v2\/product\/911021"}],"collection":[{"href":"https:\/\/streetmarkets.fr\/app\/wp-json\/wp\/v2\/product"}],"about":[{"href":"https:\/\/streetmarkets.fr\/app\/wp-json\/wp\/v2\/types\/product"}],"replies":[{"embeddable":true,"href":"https:\/\/streetmarkets.fr\/app\/wp-json\/wp\/v2\/comments?post=911021"}],"wp:featuredmedia":[{"embeddable":true,"href":"https:\/\/streetmarkets.fr\/app\/wp-json\/wp\/v2\/media\/911022"}],"wp:attachment":[{"href":"https:\/\/streetmarkets.fr\/app\/wp-json\/wp\/v2\/media?parent=911021"}],"wp:term":[{"taxonomy":"product_brand","embeddable":true,"href":"https:\/\/streetmarkets.fr\/app\/wp-json\/wp\/v2\/product_brand?post=911021"},{"taxonomy":"product_cat","embeddable":true,"href":"https:\/\/streetmarkets.fr\/app\/wp-json\/wp\/v2\/product_cat?post=911021"},{"taxonomy":"product_tag","embeddable":true,"href":"https:\/\/streetmarkets.fr\/app\/wp-json\/wp\/v2\/product_tag?post=911021"}],"curies":[{"name":"wp","href":"https:\/\/api.w.org\/{rel}","templated":true}]}}