{"id":911012,"date":"2024-12-02T00:48:25","date_gmt":"2024-12-01T23:48:25","guid":{"rendered":"https:\/\/streetmarkets.fr\/app\/produit\/collier-mindo-en-ivoire-vegetal\/"},"modified":"2026-05-02T01:43:47","modified_gmt":"2026-05-01T23:43:47","slug":"collier-mindo-en-ivoire-vegetal","status":"publish","type":"product","link":"https:\/\/streetmarkets.fr\/app\/produit\/collier-mindo-en-ivoire-vegetal\/","title":{"rendered":"Collier Mindo en ivoire v\u00e9g\u00e9tal"},"content":{"rendered":"<ul>\n<li>collier en <strong>ivoire v\u00e9g\u00e9tal<\/strong>\u00a0<\/li>\n<li>\n<strong>plastron<\/strong> perles en forme de navettes\u00a0<\/li>\n<li>noix de<strong><span>\u00a0<\/span>tagua<\/strong>\u00a0: albumen durci du fruit d&#8217;un palmier d&#8217;Am\u00e9rique du sud<\/li>\n<li>r\u00e9alis\u00e9 par des artisans en <strong>Equateur<\/strong>\n<\/li>\n<li><strong>commerce \u00e9quitable<\/strong><\/li>\n<li>cr\u00e9ation de la marque fran\u00e7aise<strong> <a title=\"Tagua and co bijoux en ivoire v\u00e9g\u00e9tal\" href=\"https:\/\/lesouriremulticolore.com\/pages\/tagua-and-co-bijoux-ivoire-vegetal-artisanat-commerce-equitable\">Tagua and co<\/a><\/strong>\n<\/li>\n<\/ul>\n","protected":false},"excerpt":{"rendered":"<p>collier en ivoire v\u00e9g\u00e9tal\u00a0 plastron perles en forme de navettes\u00a0 noix de\u00a0tagua\u00a0: albumen durci du fruit d&#8217;un palmier d&#8217;Am\u00e9rique du sud r\u00e9alis\u00e9 par des artisans en Equateur commerce \u00e9quitable cr\u00e9ation de la marque fran\u00e7aise Tagua and co<\/p>\n","protected":false},"featured_media":911013,"comment_status":"open","ping_status":"closed","template":"","meta":[],"product_brand":[],"product_cat":[1807,1756],"product_tag":[1810,1813],"acf":[],"_links":{"self":[{"href":"https:\/\/streetmarkets.fr\/app\/wp-json\/wp\/v2\/product\/911012"}],"collection":[{"href":"https:\/\/streetmarkets.fr\/app\/wp-json\/wp\/v2\/product"}],"about":[{"href":"https:\/\/streetmarkets.fr\/app\/wp-json\/wp\/v2\/types\/product"}],"replies":[{"embeddable":true,"href":"https:\/\/streetmarkets.fr\/app\/wp-json\/wp\/v2\/comments?post=911012"}],"wp:featuredmedia":[{"embeddable":true,"href":"https:\/\/streetmarkets.fr\/app\/wp-json\/wp\/v2\/media\/911013"}],"wp:attachment":[{"href":"https:\/\/streetmarkets.fr\/app\/wp-json\/wp\/v2\/media?parent=911012"}],"wp:term":[{"taxonomy":"product_brand","embeddable":true,"href":"https:\/\/streetmarkets.fr\/app\/wp-json\/wp\/v2\/product_brand?post=911012"},{"taxonomy":"product_cat","embeddable":true,"href":"https:\/\/streetmarkets.fr\/app\/wp-json\/wp\/v2\/product_cat?post=911012"},{"taxonomy":"product_tag","embeddable":true,"href":"https:\/\/streetmarkets.fr\/app\/wp-json\/wp\/v2\/product_tag?post=911012"}],"curies":[{"name":"wp","href":"https:\/\/api.w.org\/{rel}","templated":true}]}}