{"id":904013,"date":"2024-11-30T06:42:40","date_gmt":"2024-11-30T05:42:40","guid":{"rendered":"https:\/\/streetmarkets.fr\/app\/produit\/pins-protect-your-breast\/"},"modified":"2025-04-23T07:42:05","modified_gmt":"2025-04-23T05:42:05","slug":"pins-protect-your-breast","status":"publish","type":"product","link":"https:\/\/streetmarkets.fr\/app\/produit\/pins-protect-your-breast\/","title":{"rendered":"PIN&#8217;S PROTECT YOUR BREAST"},"content":{"rendered":"<p>Pin&#8217;s en m\u00e9tal et \u00e9mail color\u00e9<\/p>\n","protected":false},"excerpt":{"rendered":"<p>Pin&#8217;s en m\u00e9tal et \u00e9mail color\u00e9<\/p>\n","protected":false},"featured_media":904014,"comment_status":"open","ping_status":"closed","template":"","meta":[],"product_brand":[],"product_cat":[1756],"product_tag":[1813],"acf":[],"_links":{"self":[{"href":"https:\/\/streetmarkets.fr\/app\/wp-json\/wp\/v2\/product\/904013"}],"collection":[{"href":"https:\/\/streetmarkets.fr\/app\/wp-json\/wp\/v2\/product"}],"about":[{"href":"https:\/\/streetmarkets.fr\/app\/wp-json\/wp\/v2\/types\/product"}],"replies":[{"embeddable":true,"href":"https:\/\/streetmarkets.fr\/app\/wp-json\/wp\/v2\/comments?post=904013"}],"wp:featuredmedia":[{"embeddable":true,"href":"https:\/\/streetmarkets.fr\/app\/wp-json\/wp\/v2\/media\/904014"}],"wp:attachment":[{"href":"https:\/\/streetmarkets.fr\/app\/wp-json\/wp\/v2\/media?parent=904013"}],"wp:term":[{"taxonomy":"product_brand","embeddable":true,"href":"https:\/\/streetmarkets.fr\/app\/wp-json\/wp\/v2\/product_brand?post=904013"},{"taxonomy":"product_cat","embeddable":true,"href":"https:\/\/streetmarkets.fr\/app\/wp-json\/wp\/v2\/product_cat?post=904013"},{"taxonomy":"product_tag","embeddable":true,"href":"https:\/\/streetmarkets.fr\/app\/wp-json\/wp\/v2\/product_tag?post=904013"}],"curies":[{"name":"wp","href":"https:\/\/api.w.org\/{rel}","templated":true}]}}