{"id":898429,"date":"2024-11-30T00:24:49","date_gmt":"2024-11-29T23:24:49","guid":{"rendered":"https:\/\/streetmarkets.fr\/app\/produit\/bague-ajustable-idylle\/"},"modified":"2026-05-13T01:15:40","modified_gmt":"2026-05-12T23:15:40","slug":"bague-ajustable-idylle","status":"publish","type":"product","link":"https:\/\/streetmarkets.fr\/app\/produit\/bague-ajustable-idylle\/","title":{"rendered":"Bague Ajustable Idylle"},"content":{"rendered":"<p><strong><a href=\"https:\/\/frenchtouche.com\/collections\/bdm-studio\" title=\"Collection BDM Studio\"><\/a><\/strong><strong><a href=\"https:\/\/frenchtouche.com\/collections\/bdm-studio\" title=\"Collection BDM Studio\">Collection <\/a><\/strong><span style=\"text-decoration: underline\"><strong><a href=\"https:\/\/frenchtouche.com\/collections\/bdm-studio\" title=\"Collection BDM Studio\">BDM Studio<\/a><\/strong><\/span><\/p>\n<div class=\"description\">\n<div class=\"description\">\n<div class=\"description\">\n<p><span>Bague plaqu\u00e9e or\u00a0<\/span><span>avec strass Swarovski cristal.<\/span><br \/><span>Taille\u00a0<\/span><span>unique ajustable pour phalange ou petits doigts.<\/span><\/p>\n<p><span data-mce-fragment=\"1\">Les bijoux BDM Studio sont plaqu\u00e9s or 24K pour leur assurer une longue dur\u00e9e de vie.<br \/>Ils ne contiennent aucun m\u00e9tal allerg\u00e8ne, seulement du laiton, du cuivre, et de l&#8217;or.<br \/>Evitez de les mettre en contact de produits chimiques, cosm\u00e9tiques, ou parfums.<br \/>Ne les portez pas pendant vos bains de mer ou pendant votre s\u00e9ance de sport, et rangez-les dans dans leur petit pochon en coton Bio.<br \/>Pour nettoyer un bijou, un simple chiffon doux et sec permettra de raviver son \u00e9clat.<\/span><\/p>\n<p>:: Fabriqu\u00e9e \u00e0 la main dans l&#8217;atelier des cr\u00e9ateurs \u00e0 Paris ::<\/p>\n<\/div>\n<\/div>\n<\/div>\n","protected":false},"excerpt":{"rendered":"<p>Collection BDM Studio Bague plaqu\u00e9e or\u00a0avec strass Swarovski cristal.Taille\u00a0unique ajustable pour phalange ou petits doigts. Les bijoux BDM Studio sont plaqu\u00e9s or 24K pour leur assurer une longue dur\u00e9e de vie.Ils ne contiennent aucun m\u00e9tal allerg\u00e8ne, seulement du laiton, du cuivre, et de l&#8217;or.Evitez de les mettre en contact de produits chimiques, cosm\u00e9tiques, ou parfums.Ne [&hellip;]<\/p>\n","protected":false},"featured_media":898430,"comment_status":"open","ping_status":"closed","template":"","meta":[],"product_brand":[],"product_cat":[1807,1756],"product_tag":[2244,1813],"acf":[],"_links":{"self":[{"href":"https:\/\/streetmarkets.fr\/app\/wp-json\/wp\/v2\/product\/898429"}],"collection":[{"href":"https:\/\/streetmarkets.fr\/app\/wp-json\/wp\/v2\/product"}],"about":[{"href":"https:\/\/streetmarkets.fr\/app\/wp-json\/wp\/v2\/types\/product"}],"replies":[{"embeddable":true,"href":"https:\/\/streetmarkets.fr\/app\/wp-json\/wp\/v2\/comments?post=898429"}],"wp:featuredmedia":[{"embeddable":true,"href":"https:\/\/streetmarkets.fr\/app\/wp-json\/wp\/v2\/media\/898430"}],"wp:attachment":[{"href":"https:\/\/streetmarkets.fr\/app\/wp-json\/wp\/v2\/media?parent=898429"}],"wp:term":[{"taxonomy":"product_brand","embeddable":true,"href":"https:\/\/streetmarkets.fr\/app\/wp-json\/wp\/v2\/product_brand?post=898429"},{"taxonomy":"product_cat","embeddable":true,"href":"https:\/\/streetmarkets.fr\/app\/wp-json\/wp\/v2\/product_cat?post=898429"},{"taxonomy":"product_tag","embeddable":true,"href":"https:\/\/streetmarkets.fr\/app\/wp-json\/wp\/v2\/product_tag?post=898429"}],"curies":[{"name":"wp","href":"https:\/\/api.w.org\/{rel}","templated":true}]}}