{"id":898174,"date":"2024-11-29T01:10:56","date_gmt":"2024-11-29T00:10:56","guid":{"rendered":"https:\/\/streetmarkets.fr\/app\/produit\/t-shirt-col-rond-manches-courtes-roses-h24-homme-washed-black\/"},"modified":"2025-03-16T00:57:13","modified_gmt":"2025-03-15T23:57:13","slug":"t-shirt-col-rond-manches-courtes-roses-h24-homme-washed-black","status":"publish","type":"product","link":"https:\/\/streetmarkets.fr\/app\/produit\/t-shirt-col-rond-manches-courtes-roses-h24-homme-washed-black\/","title":{"rendered":"T-shirt Col Rond Manches Courtes Roses (H24 \/ HOMME \/ Washed Black)"},"content":{"rendered":"<p>Muni d&#8217;un col rond et de manches courtes, ce t-shirt en coton se pare de fleurs sign\u00e9es &#8220;From Future&#8221; \u00e0 l&#8217;avant et au dos. D\u00e9contract\u00e9 mais toujours avec de l&#8217;allure, il s&#8217;associe \u00e0 votre jean pr\u00e9f\u00e9r\u00e9.<\/p>\n<p>&#8211; T-shirt en coton Homme<br \/>\n<br \/>&#8211; Motifs fleurs &#8220;From Future&#8221; \u00e0 l&#8217;avant et au dos<br \/>\n<br \/>&#8211; Col rond<br \/>\n<br \/>&#8211; Manches courtes<br \/>\n<br \/>&#8211; Coupe regular<\/p>\n","protected":false},"excerpt":{"rendered":"<p>Muni d&#8217;un col rond et de manches courtes, ce t-shirt en coton se pare de fleurs sign\u00e9es &#8220;From Future&#8221; \u00e0 l&#8217;avant et au dos. D\u00e9contract\u00e9 mais toujours avec de l&#8217;allure, il s&#8217;associe \u00e0 votre jean pr\u00e9f\u00e9r\u00e9. &#8211; T-shirt en coton Homme &#8211; Motifs fleurs &#8220;From Future&#8221; \u00e0 l&#8217;avant et au dos &#8211; Col rond &#8211; [&hellip;]<\/p>\n","protected":false},"featured_media":898175,"comment_status":"open","ping_status":"closed","template":"","meta":[],"product_brand":[6868],"product_cat":[1756,1758],"product_tag":[2244],"acf":[],"_links":{"self":[{"href":"https:\/\/streetmarkets.fr\/app\/wp-json\/wp\/v2\/product\/898174"}],"collection":[{"href":"https:\/\/streetmarkets.fr\/app\/wp-json\/wp\/v2\/product"}],"about":[{"href":"https:\/\/streetmarkets.fr\/app\/wp-json\/wp\/v2\/types\/product"}],"replies":[{"embeddable":true,"href":"https:\/\/streetmarkets.fr\/app\/wp-json\/wp\/v2\/comments?post=898174"}],"wp:featuredmedia":[{"embeddable":true,"href":"https:\/\/streetmarkets.fr\/app\/wp-json\/wp\/v2\/media\/898175"}],"wp:attachment":[{"href":"https:\/\/streetmarkets.fr\/app\/wp-json\/wp\/v2\/media?parent=898174"}],"wp:term":[{"taxonomy":"product_brand","embeddable":true,"href":"https:\/\/streetmarkets.fr\/app\/wp-json\/wp\/v2\/product_brand?post=898174"},{"taxonomy":"product_cat","embeddable":true,"href":"https:\/\/streetmarkets.fr\/app\/wp-json\/wp\/v2\/product_cat?post=898174"},{"taxonomy":"product_tag","embeddable":true,"href":"https:\/\/streetmarkets.fr\/app\/wp-json\/wp\/v2\/product_tag?post=898174"}],"curies":[{"name":"wp","href":"https:\/\/api.w.org\/{rel}","templated":true}]}}