{"id":898149,"date":"2024-11-29T01:10:54","date_gmt":"2024-11-29T00:10:54","guid":{"rendered":"https:\/\/streetmarkets.fr\/app\/produit\/pull-col-v-oversize-leger-h24-femme-baby-pink\/"},"modified":"2025-03-01T01:10:58","modified_gmt":"2025-03-01T00:10:58","slug":"pull-col-v-oversize-leger-h24-femme-baby-pink","status":"publish","type":"product","link":"https:\/\/streetmarkets.fr\/app\/produit\/pull-col-v-oversize-leger-h24-femme-baby-pink\/","title":{"rendered":"Pull Col V Oversize L\u00e9ger (H24 \/ FEMME \/ Baby Pink)"},"content":{"rendered":"<p><!--td {border: 1px solid #cccccc;}br {mso-data-placement:same-cell;}--><\/p>\n<p><span data-sheets-root=\"1\">Pi\u00e8ce indispensable du vestiaire FROM FUTURE, ce pull long et oversize incarne l&#8217;\u00e9l\u00e9gance sans effort. Confectionn\u00e9 en cachemire l\u00e9ger, il r\u00e9v\u00e8le des manches longues, des bords c\u00f4tel\u00e9s et un d\u00e9collet\u00e9 en V. \u00c0 porter sans mod\u00e9ration, il s&#8217;associe ais\u00e9ment \u00e0 un jean casual ou une jupe fluide.<\/p>\n<p>&#8211; Pull long en cachemire l\u00e9ger certifi\u00e9 GCS\u00ae Femme <br \/>&#8211; Col V <br \/>&#8211; Manches longues <br \/>&#8211; Bords c\u00f4tel\u00e9s <br \/>&#8211; Coupe oversize<br \/>&#8211; Le Good Cashmere Standard\u00ae (GCS) est une norme ind\u00e9pendante pour un cachemire plus durable et plus responsable. Il vise \u00e0 am\u00e9liorer le bien-\u00eatre des ch\u00e8vres cachemire, les conditions de travail des \u00e9leveurs ainsi qu&#8217;\u00e0 prot\u00e9ger l&#8217;environnement.<\/span><\/p>\n","protected":false},"excerpt":{"rendered":"<p>Pi\u00e8ce indispensable du vestiaire FROM FUTURE, ce pull long et oversize incarne l&#8217;\u00e9l\u00e9gance sans effort. Confectionn\u00e9 en cachemire l\u00e9ger, il r\u00e9v\u00e8le des manches longues, des bords c\u00f4tel\u00e9s et un d\u00e9collet\u00e9 en V. \u00c0 porter sans mod\u00e9ration, il s&#8217;associe ais\u00e9ment \u00e0 un jean casual ou une jupe fluide. &#8211; Pull long en cachemire l\u00e9ger certifi\u00e9 GCS\u00ae [&hellip;]<\/p>\n","protected":false},"featured_media":898150,"comment_status":"open","ping_status":"closed","template":"","meta":[],"product_brand":[6868],"product_cat":[1756,1762],"product_tag":[2244],"acf":[],"_links":{"self":[{"href":"https:\/\/streetmarkets.fr\/app\/wp-json\/wp\/v2\/product\/898149"}],"collection":[{"href":"https:\/\/streetmarkets.fr\/app\/wp-json\/wp\/v2\/product"}],"about":[{"href":"https:\/\/streetmarkets.fr\/app\/wp-json\/wp\/v2\/types\/product"}],"replies":[{"embeddable":true,"href":"https:\/\/streetmarkets.fr\/app\/wp-json\/wp\/v2\/comments?post=898149"}],"wp:featuredmedia":[{"embeddable":true,"href":"https:\/\/streetmarkets.fr\/app\/wp-json\/wp\/v2\/media\/898150"}],"wp:attachment":[{"href":"https:\/\/streetmarkets.fr\/app\/wp-json\/wp\/v2\/media?parent=898149"}],"wp:term":[{"taxonomy":"product_brand","embeddable":true,"href":"https:\/\/streetmarkets.fr\/app\/wp-json\/wp\/v2\/product_brand?post=898149"},{"taxonomy":"product_cat","embeddable":true,"href":"https:\/\/streetmarkets.fr\/app\/wp-json\/wp\/v2\/product_cat?post=898149"},{"taxonomy":"product_tag","embeddable":true,"href":"https:\/\/streetmarkets.fr\/app\/wp-json\/wp\/v2\/product_tag?post=898149"}],"curies":[{"name":"wp","href":"https:\/\/api.w.org\/{rel}","templated":true}]}}