{"id":898094,"date":"2024-11-29T01:10:13","date_gmt":"2024-11-29T00:10:13","guid":{"rendered":"https:\/\/streetmarkets.fr\/app\/produit\/pull-col-rond-leger-h24-femme-pop-purple\/"},"modified":"2025-03-15T01:13:04","modified_gmt":"2025-03-15T00:13:04","slug":"pull-col-rond-leger-h24-femme-pop-purple","status":"publish","type":"product","link":"https:\/\/streetmarkets.fr\/app\/produit\/pull-col-rond-leger-h24-femme-pop-purple\/","title":{"rendered":"Pull Col Rond L\u00e9ger (H24 \/ FEMME \/ Pop Purple)"},"content":{"rendered":"<p>Confectionn\u00e9 en cachemire l\u00e9ger, ce pull court s&#8217;impose comme un incontournable du vestiaire FROM FUTURE. Muni d&#8217;un col rond, de manches longues raglan et de bords c\u00f4tel\u00e9s, il s\u00e9duit par sa coupe soign\u00e9e. D\u00e9clin\u00e9 dans un colorama in\u00e9dit, compl\u00e9tez votre look avec votre denim pr\u00e9f\u00e9r\u00e9.<\/p>\n<p>&#8211; Pull court en cachemire l\u00e9ger certifi\u00e9 GCS\u00ae Femme<br \/>\n<br \/>&#8211; Col rond<br \/>\n<br \/>&#8211; Manches longues<br \/>\n<br \/>&#8211; Bords c\u00f4tel\u00e9s<br \/>\n<br \/>&#8211; Coupe regular<br \/>\n<br \/>&#8211; Le Good Cashmere Standard\u00ae (GCS) est une norme ind\u00e9pendante pour un cachemire plus durable et plus responsable. Il vise \u00e0 am\u00e9liorer le bien-\u00eatre des ch\u00e8vres cachemire, les conditions de travail des \u00e9leveurs ainsi qu&#8217;\u00e0 prot\u00e9ger l&#8217;environnement.<\/p>\n","protected":false},"excerpt":{"rendered":"<p>Confectionn\u00e9 en cachemire l\u00e9ger, ce pull court s&#8217;impose comme un incontournable du vestiaire FROM FUTURE. Muni d&#8217;un col rond, de manches longues raglan et de bords c\u00f4tel\u00e9s, il s\u00e9duit par sa coupe soign\u00e9e. D\u00e9clin\u00e9 dans un colorama in\u00e9dit, compl\u00e9tez votre look avec votre denim pr\u00e9f\u00e9r\u00e9. &#8211; Pull court en cachemire l\u00e9ger certifi\u00e9 GCS\u00ae Femme &#8211; [&hellip;]<\/p>\n","protected":false},"featured_media":898095,"comment_status":"open","ping_status":"closed","template":"","meta":[],"product_brand":[6868],"product_cat":[1756,1762],"product_tag":[2244],"acf":[],"_links":{"self":[{"href":"https:\/\/streetmarkets.fr\/app\/wp-json\/wp\/v2\/product\/898094"}],"collection":[{"href":"https:\/\/streetmarkets.fr\/app\/wp-json\/wp\/v2\/product"}],"about":[{"href":"https:\/\/streetmarkets.fr\/app\/wp-json\/wp\/v2\/types\/product"}],"replies":[{"embeddable":true,"href":"https:\/\/streetmarkets.fr\/app\/wp-json\/wp\/v2\/comments?post=898094"}],"wp:featuredmedia":[{"embeddable":true,"href":"https:\/\/streetmarkets.fr\/app\/wp-json\/wp\/v2\/media\/898095"}],"wp:attachment":[{"href":"https:\/\/streetmarkets.fr\/app\/wp-json\/wp\/v2\/media?parent=898094"}],"wp:term":[{"taxonomy":"product_brand","embeddable":true,"href":"https:\/\/streetmarkets.fr\/app\/wp-json\/wp\/v2\/product_brand?post=898094"},{"taxonomy":"product_cat","embeddable":true,"href":"https:\/\/streetmarkets.fr\/app\/wp-json\/wp\/v2\/product_cat?post=898094"},{"taxonomy":"product_tag","embeddable":true,"href":"https:\/\/streetmarkets.fr\/app\/wp-json\/wp\/v2\/product_tag?post=898094"}],"curies":[{"name":"wp","href":"https:\/\/api.w.org\/{rel}","templated":true}]}}