{"id":897986,"date":"2024-11-29T01:09:57","date_gmt":"2024-11-29T00:09:57","guid":{"rendered":"https:\/\/streetmarkets.fr\/app\/produit\/pull-col-montant-oversize-h24-femme-noir\/"},"modified":"2025-02-22T01:09:49","modified_gmt":"2025-02-22T00:09:49","slug":"pull-col-montant-oversize-h24-femme-noir","status":"publish","type":"product","link":"https:\/\/streetmarkets.fr\/app\/produit\/pull-col-montant-oversize-h24-femme-noir\/","title":{"rendered":"Pull Col Montant Oversize (H24 \/ FEMME \/ Noir)"},"content":{"rendered":"<p>Confectionn\u00e9 en cachemire 6 fils, ce pull oversize vous enveloppe de chaleur et de douceur. Muni d&#8217;un col montant, de manches longues et de bords c\u00f4tel\u00e9s, il conf\u00e8re une silhouette allur\u00e9e en toute simplicit\u00e9. Optez pour un look casual et mixez-le \u00e0 un pantalon droit ou une jupe fluide.<\/p>\n<p>&#8211; Pull en cachemire 6 fils certifi\u00e9 GCS\u00ae Femme<br \/>\n<br \/>&#8211; Col montant<br \/>\n<br \/>&#8211; Manches longues<br \/>\n<br \/>&#8211; Bords c\u00f4tel\u00e9s<br \/>\n<br \/>&#8211; Coupe oversize<br \/>\n<br \/>&#8211; Le Good Cashmere Standard\u00ae (GCS) est une norme ind\u00e9pendante pour un cachemire plus durable et plus responsable. Il vise \u00e0 am\u00e9liorer le bien-\u00eatre des ch\u00e8vres cachemire, les conditions de travail des \u00e9leveurs ainsi qu&#8217;\u00e0 prot\u00e9ger l&#8217;environnement.<\/p>\n","protected":false},"excerpt":{"rendered":"<p>Confectionn\u00e9 en cachemire 6 fils, ce pull oversize vous enveloppe de chaleur et de douceur. Muni d&#8217;un col montant, de manches longues et de bords c\u00f4tel\u00e9s, il conf\u00e8re une silhouette allur\u00e9e en toute simplicit\u00e9. Optez pour un look casual et mixez-le \u00e0 un pantalon droit ou une jupe fluide. &#8211; Pull en cachemire 6 fils [&hellip;]<\/p>\n","protected":false},"featured_media":897987,"comment_status":"open","ping_status":"closed","template":"","meta":[],"product_brand":[6868],"product_cat":[1756,1762],"product_tag":[2244],"acf":[],"_links":{"self":[{"href":"https:\/\/streetmarkets.fr\/app\/wp-json\/wp\/v2\/product\/897986"}],"collection":[{"href":"https:\/\/streetmarkets.fr\/app\/wp-json\/wp\/v2\/product"}],"about":[{"href":"https:\/\/streetmarkets.fr\/app\/wp-json\/wp\/v2\/types\/product"}],"replies":[{"embeddable":true,"href":"https:\/\/streetmarkets.fr\/app\/wp-json\/wp\/v2\/comments?post=897986"}],"wp:featuredmedia":[{"embeddable":true,"href":"https:\/\/streetmarkets.fr\/app\/wp-json\/wp\/v2\/media\/897987"}],"wp:attachment":[{"href":"https:\/\/streetmarkets.fr\/app\/wp-json\/wp\/v2\/media?parent=897986"}],"wp:term":[{"taxonomy":"product_brand","embeddable":true,"href":"https:\/\/streetmarkets.fr\/app\/wp-json\/wp\/v2\/product_brand?post=897986"},{"taxonomy":"product_cat","embeddable":true,"href":"https:\/\/streetmarkets.fr\/app\/wp-json\/wp\/v2\/product_cat?post=897986"},{"taxonomy":"product_tag","embeddable":true,"href":"https:\/\/streetmarkets.fr\/app\/wp-json\/wp\/v2\/product_tag?post=897986"}],"curies":[{"name":"wp","href":"https:\/\/api.w.org\/{rel}","templated":true}]}}