{"id":897975,"date":"2024-11-29T01:09:56","date_gmt":"2024-11-29T00:09:56","guid":{"rendered":"https:\/\/streetmarkets.fr\/app\/produit\/pull-col-montant-leger-h24-femme-pop-purple\/"},"modified":"2025-03-10T01:09:23","modified_gmt":"2025-03-10T00:09:23","slug":"pull-col-montant-leger-h24-femme-pop-purple","status":"publish","type":"product","link":"https:\/\/streetmarkets.fr\/app\/produit\/pull-col-montant-leger-h24-femme-pop-purple\/","title":{"rendered":"Pull Col Montant L\u00e9ger (H24 \/ FEMME \/ Pop Purple)"},"content":{"rendered":"<p>Confectionn\u00e9 en cachemire, ce pull court s&#8217;impose comme un indispensable du vestiaire f\u00e9minin. L\u00e9ger et infiniment doux, il est muni d&#8217;un col montant, de manches longues et des bords c\u00f4tel\u00e9s. Jouez avec les volumes et mixez-le \u00e0 un pantalon de tailleur ample. <\/p>\n<p>&#8211; Pull court en cachemire l\u00e9ger certifi\u00e9 GCS\u00ae Femme<br \/>\n<br \/>&#8211; Col montant<br \/>\n<br \/>&#8211; Manches longues<br \/>\n<br \/>&#8211; Bords c\u00f4tel\u00e9s<br \/>\n<br \/>&#8211; Coupe regular<br \/>\n<br \/>&#8211; Le Good Cashmere Standard\u00ae (GCS) est une norme ind\u00e9pendante pour un cachemire plus durable et plus responsable. Il vise \u00e0 am\u00e9liorer le bien-\u00eatre des ch\u00e8vres cachemire, les conditions de travail des \u00e9leveurs ainsi qu&#8217;\u00e0 prot\u00e9ger l&#8217;environnement.<\/p>\n","protected":false},"excerpt":{"rendered":"<p>Confectionn\u00e9 en cachemire, ce pull court s&#8217;impose comme un indispensable du vestiaire f\u00e9minin. L\u00e9ger et infiniment doux, il est muni d&#8217;un col montant, de manches longues et des bords c\u00f4tel\u00e9s. Jouez avec les volumes et mixez-le \u00e0 un pantalon de tailleur ample. &#8211; Pull court en cachemire l\u00e9ger certifi\u00e9 GCS\u00ae Femme &#8211; Col montant &#8211; [&hellip;]<\/p>\n","protected":false},"featured_media":897976,"comment_status":"open","ping_status":"closed","template":"","meta":[],"product_brand":[6868],"product_cat":[1756,1762],"product_tag":[2244],"acf":[],"_links":{"self":[{"href":"https:\/\/streetmarkets.fr\/app\/wp-json\/wp\/v2\/product\/897975"}],"collection":[{"href":"https:\/\/streetmarkets.fr\/app\/wp-json\/wp\/v2\/product"}],"about":[{"href":"https:\/\/streetmarkets.fr\/app\/wp-json\/wp\/v2\/types\/product"}],"replies":[{"embeddable":true,"href":"https:\/\/streetmarkets.fr\/app\/wp-json\/wp\/v2\/comments?post=897975"}],"wp:featuredmedia":[{"embeddable":true,"href":"https:\/\/streetmarkets.fr\/app\/wp-json\/wp\/v2\/media\/897976"}],"wp:attachment":[{"href":"https:\/\/streetmarkets.fr\/app\/wp-json\/wp\/v2\/media?parent=897975"}],"wp:term":[{"taxonomy":"product_brand","embeddable":true,"href":"https:\/\/streetmarkets.fr\/app\/wp-json\/wp\/v2\/product_brand?post=897975"},{"taxonomy":"product_cat","embeddable":true,"href":"https:\/\/streetmarkets.fr\/app\/wp-json\/wp\/v2\/product_cat?post=897975"},{"taxonomy":"product_tag","embeddable":true,"href":"https:\/\/streetmarkets.fr\/app\/wp-json\/wp\/v2\/product_tag?post=897975"}],"curies":[{"name":"wp","href":"https:\/\/api.w.org\/{rel}","templated":true}]}}