{"id":897671,"date":"2024-11-28T05:45:13","date_gmt":"2024-11-28T04:45:13","guid":{"rendered":"https:\/\/streetmarkets.fr\/app\/produit\/slim-neil-blazer\/"},"modified":"2026-03-16T05:43:26","modified_gmt":"2026-03-16T04:43:26","slug":"slim-neil-blazer","status":"publish","type":"product","link":"https:\/\/streetmarkets.fr\/app\/produit\/slim-neil-blazer\/","title":{"rendered":"Slim Neil Blazer"},"content":{"rendered":"<p>D\u00e9couvrez le <strong>blazer Slim Neil<\/strong> de <strong>Selected<\/strong>, disponible en plusieurs couleurs \u00e9l\u00e9gantes, en fonction de votre \u00e9v\u00e9nement. Ce <strong>blazer sophistiqu\u00e9<\/strong> est parfait pour <strong>faire une excellente premi\u00e8re impression<\/strong>, que ce soit pour un <strong>entretien d&#8217;embauche<\/strong>, dans la <strong>salle du conseil d&#8217;administration<\/strong>, ou pour un <strong>verre apr\u00e8s le travail<\/strong>.<\/p>\n<p>Con\u00e7u dans un <strong>style classique \u00e0 simple boutonnage<\/strong>, il se distingue par ses <strong>revers crant\u00e9s<\/strong> et sa <strong>finition tiss\u00e9e<\/strong>. La <strong>poche \u00e0 mouchoir<\/strong> ajoute une touche <strong>intemporelle<\/strong>, tandis que la <strong>coupe ajust\u00e9e<\/strong> offre une allure <strong>moderne<\/strong>.<\/p>\n<p>Portez-le avec notre <strong>pantalon Slim Neil Trousers<\/strong> assorti, une <strong>chemise \u00e0 motifs<\/strong> et une paire de <strong>richelieu en cuir<\/strong> pour un <strong>look impeccable<\/strong>.<\/p>\n<p>Dot\u00e9 de <strong>manches longues avec poignets boutonn\u00e9s<\/strong>, d\u2019une <strong>poche poitrine soud\u00e9e<\/strong>, de <strong>poches avant \u00e0 rabat<\/strong>, et d\u2019une <strong>ventilation simple<\/strong>, ce blazer est <strong>enti\u00e8rement doubl\u00e9<\/strong> pour un <strong>confort optimal<\/strong>.<\/p>\n<p>Fabriqu\u00e9 avec du <strong>polyester recycl\u00e9<\/strong>, il contribue \u00e0 la <strong>pr\u00e9servation des ressources naturelles<\/strong> et \u00e0 la <strong>r\u00e9duction des d\u00e9chets<\/strong>.<\/p>\n<p>Disponible d\u00e8s maintenant chez <strong>Harold, \u00e0 Paris<\/strong>.<\/p>\n","protected":false},"excerpt":{"rendered":"<p>D\u00e9couvrez le blazer Slim Neil de Selected, disponible en plusieurs couleurs \u00e9l\u00e9gantes, en fonction de votre \u00e9v\u00e9nement. Ce blazer sophistiqu\u00e9 est parfait pour faire une excellente premi\u00e8re impression, que ce soit pour un entretien d&#8217;embauche, dans la salle du conseil d&#8217;administration, ou pour un verre apr\u00e8s le travail. Con\u00e7u dans un style classique \u00e0 simple [&hellip;]<\/p>\n","protected":false},"featured_media":897672,"comment_status":"open","ping_status":"closed","template":"","meta":[],"product_brand":[],"product_cat":[1756,1758],"product_tag":[2244],"acf":[],"_links":{"self":[{"href":"https:\/\/streetmarkets.fr\/app\/wp-json\/wp\/v2\/product\/897671"}],"collection":[{"href":"https:\/\/streetmarkets.fr\/app\/wp-json\/wp\/v2\/product"}],"about":[{"href":"https:\/\/streetmarkets.fr\/app\/wp-json\/wp\/v2\/types\/product"}],"replies":[{"embeddable":true,"href":"https:\/\/streetmarkets.fr\/app\/wp-json\/wp\/v2\/comments?post=897671"}],"wp:featuredmedia":[{"embeddable":true,"href":"https:\/\/streetmarkets.fr\/app\/wp-json\/wp\/v2\/media\/897672"}],"wp:attachment":[{"href":"https:\/\/streetmarkets.fr\/app\/wp-json\/wp\/v2\/media?parent=897671"}],"wp:term":[{"taxonomy":"product_brand","embeddable":true,"href":"https:\/\/streetmarkets.fr\/app\/wp-json\/wp\/v2\/product_brand?post=897671"},{"taxonomy":"product_cat","embeddable":true,"href":"https:\/\/streetmarkets.fr\/app\/wp-json\/wp\/v2\/product_cat?post=897671"},{"taxonomy":"product_tag","embeddable":true,"href":"https:\/\/streetmarkets.fr\/app\/wp-json\/wp\/v2\/product_tag?post=897671"}],"curies":[{"name":"wp","href":"https:\/\/api.w.org\/{rel}","templated":true}]}}