{"id":897595,"date":"2024-11-28T05:45:06","date_gmt":"2024-11-28T04:45:06","guid":{"rendered":"https:\/\/streetmarkets.fr\/app\/produit\/196-straight-ben-marlon-jeans\/"},"modified":"2026-03-16T05:43:26","modified_gmt":"2026-03-16T04:43:26","slug":"196-straight-ben-marlon-jeans","status":"publish","type":"product","link":"https:\/\/streetmarkets.fr\/app\/produit\/196-straight-ben-marlon-jeans\/","title":{"rendered":"196 Straight Ben Marlon Jeans"},"content":{"rendered":"<p>D\u00e9couvre le <strong>Jean 196 Straight Ben Marlon<\/strong> de la marque <strong>Selected <\/strong>et adoptez un look <strong>\u00e9l\u00e9gant<\/strong> et <strong>confortable <\/strong>au quotidien. Il vous donne un style <strong>moderne et intemporel<\/strong> : c&#8217;est un <strong>incontournable <\/strong>pour tout vestiaire masculin.<\/p>\n<p>Sa <strong>taille mi-haute<\/strong> et sa <strong>coupe droite<\/strong> du genou \u00e0 la cheville offrent une silhouette \u00e0 la fois \u00e9l\u00e9gante et confortable. Con\u00e7u dans des tons de vert, le <strong>jean 196 Straight Ben Marlon<\/strong> se distingue par sa polyvalence et s\u2019adapte \u00e0 toutes les occasions. Gr\u00e2ce \u00e0 sa braguette zipp\u00e9e, surmont\u00e9e d\u2019un bouton rivet, et ses passants de ceinture, ce jean allie <strong>style et praticit\u00e9.<\/strong> Son design \u00e0 5 poches ajoute une touche fonctionnelle tout en restant chic.<\/p>\n<p>Que ce soit pour un look d\u00e9contract\u00e9 avec un t-shirt ou plus habill\u00e9 avec une chemise et un blazer, il saura compl\u00e9ter toutes vos tenues. C&#8217;est une <strong>pi\u00e8ce indispensable<\/strong> \u00e0 avoir dans votre dressing. Retrouvez le dans notre\u00a0boutique Harold \u00e0 Paris, au c\u0153ur du marais.<\/p>\n","protected":false},"excerpt":{"rendered":"<p>D\u00e9couvre le Jean 196 Straight Ben Marlon de la marque Selected et adoptez un look \u00e9l\u00e9gant et confortable au quotidien. Il vous donne un style moderne et intemporel : c&#8217;est un incontournable pour tout vestiaire masculin. Sa taille mi-haute et sa coupe droite du genou \u00e0 la cheville offrent une silhouette \u00e0 la fois \u00e9l\u00e9gante [&hellip;]<\/p>\n","protected":false},"featured_media":897596,"comment_status":"open","ping_status":"closed","template":"","meta":[],"product_brand":[],"product_cat":[1756,1758],"product_tag":[2244],"acf":[],"_links":{"self":[{"href":"https:\/\/streetmarkets.fr\/app\/wp-json\/wp\/v2\/product\/897595"}],"collection":[{"href":"https:\/\/streetmarkets.fr\/app\/wp-json\/wp\/v2\/product"}],"about":[{"href":"https:\/\/streetmarkets.fr\/app\/wp-json\/wp\/v2\/types\/product"}],"replies":[{"embeddable":true,"href":"https:\/\/streetmarkets.fr\/app\/wp-json\/wp\/v2\/comments?post=897595"}],"wp:featuredmedia":[{"embeddable":true,"href":"https:\/\/streetmarkets.fr\/app\/wp-json\/wp\/v2\/media\/897596"}],"wp:attachment":[{"href":"https:\/\/streetmarkets.fr\/app\/wp-json\/wp\/v2\/media?parent=897595"}],"wp:term":[{"taxonomy":"product_brand","embeddable":true,"href":"https:\/\/streetmarkets.fr\/app\/wp-json\/wp\/v2\/product_brand?post=897595"},{"taxonomy":"product_cat","embeddable":true,"href":"https:\/\/streetmarkets.fr\/app\/wp-json\/wp\/v2\/product_cat?post=897595"},{"taxonomy":"product_tag","embeddable":true,"href":"https:\/\/streetmarkets.fr\/app\/wp-json\/wp\/v2\/product_tag?post=897595"}],"curies":[{"name":"wp","href":"https:\/\/api.w.org\/{rel}","templated":true}]}}