{"id":897588,"date":"2024-11-28T05:45:06","date_gmt":"2024-11-28T04:45:06","guid":{"rendered":"https:\/\/streetmarkets.fr\/app\/produit\/echarpes-100-laine-232245\/"},"modified":"2026-03-16T05:43:26","modified_gmt":"2026-03-16T04:43:26","slug":"echarpes-100-laine-232245","status":"publish","type":"product","link":"https:\/\/streetmarkets.fr\/app\/produit\/echarpes-100-laine-232245\/","title":{"rendered":"Echarpe 232245"},"content":{"rendered":"<p data-start=\"139\" data-end=\"263\">Ajoutez une note de <strong data-start=\"143\" data-end=\"263\">chaleur et raffinement <\/strong>\u00e0 votre style avec l\u2019<strong data-start=\"143\" data-end=\"263\">\u00e9charpe<em data-start=\"220\" data-end=\"239\"> 232245,<\/em>\u00a0sign\u00e9e Gierre Milano.<\/strong><\/p>\n<p data-start=\"265\" data-end=\"566\">Con\u00e7ue en<span>\u00a0<\/span><strong data-start=\"275\" data-end=\"312\">100 % laine de qualit\u00e9 sup\u00e9rieure<\/strong>, cette \u00e9charpe se distingue par un<span>\u00a0<\/span><strong data-start=\"348\" data-end=\"379\">motif abstrait et organique<\/strong><span>\u00a0<\/span>inspir\u00e9 de la nature, elle est disponible en deux<span>\u00a0<\/span><strong data-start=\"411\" data-end=\"469\">palette de couleurs marrons diff\u00e9rentes.<span>\u00a0<\/span><\/strong>\u00a0Un m\u00e9lange de couleurs terreuses qui \u00e9voque l\u2019\u00e9l\u00e9gance naturelle et la sophistication discr\u00e8te.<\/p>\n<p data-start=\"568\" data-end=\"753\">L\u00e9g\u00e8re mais chaude, cette \u00e9charpe offre<span>\u00a0<\/span><strong data-start=\"608\" data-end=\"628\">confort et style<\/strong><span>\u00a0<\/span>en toute saison. Ses<span>\u00a0<\/span><strong data-start=\"650\" data-end=\"672\">finitions effil\u00e9es<\/strong><span>\u00a0<\/span>et sa texture douce en font un accessoire aussi agr\u00e9able \u00e0 porter qu\u2019\u00e0 regarder.<\/p>\n","protected":false},"excerpt":{"rendered":"<p>Ajoutez une note de chaleur et raffinement \u00e0 votre style avec l\u2019\u00e9charpe 232245,\u00a0sign\u00e9e Gierre Milano. Con\u00e7ue en\u00a0100 % laine de qualit\u00e9 sup\u00e9rieure, cette \u00e9charpe se distingue par un\u00a0motif abstrait et organique\u00a0inspir\u00e9 de la nature, elle est disponible en deux\u00a0palette de couleurs marrons diff\u00e9rentes.\u00a0\u00a0Un m\u00e9lange de couleurs terreuses qui \u00e9voque l\u2019\u00e9l\u00e9gance naturelle et la sophistication discr\u00e8te. [&hellip;]<\/p>\n","protected":false},"featured_media":897589,"comment_status":"open","ping_status":"closed","template":"","meta":[],"product_brand":[],"product_cat":[1756,1760],"product_tag":[2244],"acf":[],"_links":{"self":[{"href":"https:\/\/streetmarkets.fr\/app\/wp-json\/wp\/v2\/product\/897588"}],"collection":[{"href":"https:\/\/streetmarkets.fr\/app\/wp-json\/wp\/v2\/product"}],"about":[{"href":"https:\/\/streetmarkets.fr\/app\/wp-json\/wp\/v2\/types\/product"}],"replies":[{"embeddable":true,"href":"https:\/\/streetmarkets.fr\/app\/wp-json\/wp\/v2\/comments?post=897588"}],"wp:featuredmedia":[{"embeddable":true,"href":"https:\/\/streetmarkets.fr\/app\/wp-json\/wp\/v2\/media\/897589"}],"wp:attachment":[{"href":"https:\/\/streetmarkets.fr\/app\/wp-json\/wp\/v2\/media?parent=897588"}],"wp:term":[{"taxonomy":"product_brand","embeddable":true,"href":"https:\/\/streetmarkets.fr\/app\/wp-json\/wp\/v2\/product_brand?post=897588"},{"taxonomy":"product_cat","embeddable":true,"href":"https:\/\/streetmarkets.fr\/app\/wp-json\/wp\/v2\/product_cat?post=897588"},{"taxonomy":"product_tag","embeddable":true,"href":"https:\/\/streetmarkets.fr\/app\/wp-json\/wp\/v2\/product_tag?post=897588"}],"curies":[{"name":"wp","href":"https:\/\/api.w.org\/{rel}","templated":true}]}}