{"id":897516,"date":"2024-11-28T05:44:41","date_gmt":"2024-11-28T04:44:41","guid":{"rendered":"https:\/\/streetmarkets.fr\/app\/produit\/hackney-gloves-8168\/"},"modified":"2026-03-16T05:43:26","modified_gmt":"2026-03-16T04:43:26","slug":"hackney-gloves-8168","status":"publish","type":"product","link":"https:\/\/streetmarkets.fr\/app\/produit\/hackney-gloves-8168\/","title":{"rendered":"Hackney Gloves 8168"},"content":{"rendered":"<p><!--td {border: 1px solid #cccccc;}br {mso-data-placement:same-cell;}--><\/p>\n<p><span data-sheets-root=\"1\" data-sheets-value=\"{&quot;1&quot;:2,&quot;2&quot;:&quot;D\u00e9couvrez les gants SAMSOE Hackney Gloves 8168, l'accessoire essentiel pour affronter l'hiver avec style et confort. \\n\\nCes gants en cuir noir d'agneau sont non seulement \u00e9l\u00e9gants mais aussi pratiques, doubl\u00e9s de polaire pour vous garder au chaud m\u00eame par temps froid. Leur design est compl\u00e9t\u00e9 par des poignets \u00e0 ribs c\u00f4tel\u00e9s, assurant un ajustement confortable et s\u00e9curis\u00e9. \\n\\nParfaits pour une utilisation quotidienne en ville ou pour des occasions sp\u00e9ciales, ces gants SAMSOE combinent fonctionnalit\u00e9 et esth\u00e9tique avec leur finition soign\u00e9e et leur couleur intemporelle. Ajoutez une touche de sophistication \u00e0 votre garde-robe d'hiver avec les gants Hackney Gloves 8168 de SAMSOE.&quot;}\" data-sheets-userformat='{\"2\":769,\"3\":{\"1\":0},\"11\":4,\"12\":0}'>D\u00e9couvrez les gants <strong>Hackney Gloves 8168<\/strong> de la marque <strong>Samsoe Samsoe<\/strong>, l&#8217;accessoire essentiel pour affronter l&#8217;hiver avec style et confort.\u00a0<\/p>\n<p>Ces <strong>gants en cuir<\/strong> <strong>d&#8217;agneau<\/strong> sont \u00e9l\u00e9gants et aussi pratiques, doubl\u00e9s de polaire pour vous garder au chaud m\u00eame par temps froid. Leur design est compl\u00e9t\u00e9 par des poignets \u00e0 ribs c\u00f4tel\u00e9s, assurant un ajustement confortable et s\u00e9curis\u00e9.\u00a0<\/p>\n<p>Parfaits pour une utilisation quotidienne en ville ou pour des occasions sp\u00e9ciales, ces gants <strong>Samsoe Samsoe <\/strong>combinent <strong>fonctionnalit\u00e9 <\/strong>et <strong>esth\u00e9tique <\/strong>avec leur finition soign\u00e9e et leur couleur intemporelle. Disponibles en noir et en marrons, ils ajoutent une touche de <strong>sophistication <\/strong>\u00e0 votre vestiaire d&#8217;hiver. Les gants <strong>Hackney Gloves 8168<\/strong> sont en vente dans notre <strong>boutique Harold<\/strong>, au c\u0153ur du Marais \u00e0 Paris.<\/span><\/p>\n","protected":false},"excerpt":{"rendered":"<p>D\u00e9couvrez les gants Hackney Gloves 8168 de la marque Samsoe Samsoe, l&#8217;accessoire essentiel pour affronter l&#8217;hiver avec style et confort.\u00a0 Ces gants en cuir d&#8217;agneau sont \u00e9l\u00e9gants et aussi pratiques, doubl\u00e9s de polaire pour vous garder au chaud m\u00eame par temps froid. Leur design est compl\u00e9t\u00e9 par des poignets \u00e0 ribs c\u00f4tel\u00e9s, assurant un ajustement [&hellip;]<\/p>\n","protected":false},"featured_media":897517,"comment_status":"open","ping_status":"closed","template":"","meta":[],"product_brand":[],"product_cat":[1756,1760],"product_tag":[2244],"acf":[],"_links":{"self":[{"href":"https:\/\/streetmarkets.fr\/app\/wp-json\/wp\/v2\/product\/897516"}],"collection":[{"href":"https:\/\/streetmarkets.fr\/app\/wp-json\/wp\/v2\/product"}],"about":[{"href":"https:\/\/streetmarkets.fr\/app\/wp-json\/wp\/v2\/types\/product"}],"replies":[{"embeddable":true,"href":"https:\/\/streetmarkets.fr\/app\/wp-json\/wp\/v2\/comments?post=897516"}],"wp:featuredmedia":[{"embeddable":true,"href":"https:\/\/streetmarkets.fr\/app\/wp-json\/wp\/v2\/media\/897517"}],"wp:attachment":[{"href":"https:\/\/streetmarkets.fr\/app\/wp-json\/wp\/v2\/media?parent=897516"}],"wp:term":[{"taxonomy":"product_brand","embeddable":true,"href":"https:\/\/streetmarkets.fr\/app\/wp-json\/wp\/v2\/product_brand?post=897516"},{"taxonomy":"product_cat","embeddable":true,"href":"https:\/\/streetmarkets.fr\/app\/wp-json\/wp\/v2\/product_cat?post=897516"},{"taxonomy":"product_tag","embeddable":true,"href":"https:\/\/streetmarkets.fr\/app\/wp-json\/wp\/v2\/product_tag?post=897516"}],"curies":[{"name":"wp","href":"https:\/\/api.w.org\/{rel}","templated":true}]}}