{"id":889468,"date":"2024-11-28T01:10:22","date_gmt":"2024-11-28T00:10:22","guid":{"rendered":"https:\/\/streetmarkets.fr\/app\/produit\/pull-col-rond-bicolore-leger-h24-femme-noir\/"},"modified":"2025-03-04T01:07:26","modified_gmt":"2025-03-04T00:07:26","slug":"pull-col-rond-bicolore-leger-h24-femme-noir","status":"publish","type":"product","link":"https:\/\/streetmarkets.fr\/app\/produit\/pull-col-rond-bicolore-leger-h24-femme-noir\/","title":{"rendered":"Pull Col Rond Bicolore L\u00e9ger (H24 \/ FEMME \/ Noir)"},"content":{"rendered":"<p><!--td {border: 1px solid #cccccc;}br {mso-data-placement:same-cell;}--><\/p>\n<p><span data-sheets-root=\"1\">Confectionn\u00e9 en cachemire l\u00e9ger, ce pull court se distingue par ses lignes affirm\u00e9es. Muni d&#8217;un col rond et de manches longues, il r\u00e9v\u00e8le des bords bicolores, cr\u00e9ant un jeu de contrastes audacieux. \u00c0 porter sans mod\u00e9ration, optez pour une allure d\u00e9contract\u00e9e en l&#8217;associant \u00e0 un pantalon fluide ou un jean flare.<\/p>\n<p>&#8211; Pull court en cachemire l\u00e9ger certifi\u00e9 GCS\u00ae Femme<br \/>&#8211; Bandes bicolores<br \/>&#8211; Col rond<br \/>&#8211; Manches longues<br \/>&#8211; Coupe regular<br \/>&#8211; Le Good Cashmere Standard\u00ae (GCS) est une norme ind\u00e9pendante pour un cachemire plus durable et plus responsable. Il vise \u00e0 am\u00e9liorer le bien-\u00eatre des ch\u00e8vres cachemire, les conditions de travail des \u00e9leveurs ainsi qu&#8217;\u00e0 prot\u00e9ger l&#8217;environnement.<\/span><\/p>\n","protected":false},"excerpt":{"rendered":"<p>Confectionn\u00e9 en cachemire l\u00e9ger, ce pull court se distingue par ses lignes affirm\u00e9es. Muni d&#8217;un col rond et de manches longues, il r\u00e9v\u00e8le des bords bicolores, cr\u00e9ant un jeu de contrastes audacieux. \u00c0 porter sans mod\u00e9ration, optez pour une allure d\u00e9contract\u00e9e en l&#8217;associant \u00e0 un pantalon fluide ou un jean flare. &#8211; Pull court en [&hellip;]<\/p>\n","protected":false},"featured_media":889469,"comment_status":"open","ping_status":"closed","template":"","meta":[],"product_brand":[6868],"product_cat":[1756,1762],"product_tag":[2244],"acf":[],"_links":{"self":[{"href":"https:\/\/streetmarkets.fr\/app\/wp-json\/wp\/v2\/product\/889468"}],"collection":[{"href":"https:\/\/streetmarkets.fr\/app\/wp-json\/wp\/v2\/product"}],"about":[{"href":"https:\/\/streetmarkets.fr\/app\/wp-json\/wp\/v2\/types\/product"}],"replies":[{"embeddable":true,"href":"https:\/\/streetmarkets.fr\/app\/wp-json\/wp\/v2\/comments?post=889468"}],"wp:featuredmedia":[{"embeddable":true,"href":"https:\/\/streetmarkets.fr\/app\/wp-json\/wp\/v2\/media\/889469"}],"wp:attachment":[{"href":"https:\/\/streetmarkets.fr\/app\/wp-json\/wp\/v2\/media?parent=889468"}],"wp:term":[{"taxonomy":"product_brand","embeddable":true,"href":"https:\/\/streetmarkets.fr\/app\/wp-json\/wp\/v2\/product_brand?post=889468"},{"taxonomy":"product_cat","embeddable":true,"href":"https:\/\/streetmarkets.fr\/app\/wp-json\/wp\/v2\/product_cat?post=889468"},{"taxonomy":"product_tag","embeddable":true,"href":"https:\/\/streetmarkets.fr\/app\/wp-json\/wp\/v2\/product_tag?post=889468"}],"curies":[{"name":"wp","href":"https:\/\/api.w.org\/{rel}","templated":true}]}}