{"id":889220,"date":"2024-11-28T00:52:35","date_gmt":"2024-11-27T23:52:35","guid":{"rendered":"https:\/\/streetmarkets.fr\/app\/produit\/boucles-doreilles-tresse\/"},"modified":"2026-04-30T01:49:38","modified_gmt":"2026-04-29T23:49:38","slug":"boucles-doreilles-tresse","status":"publish","type":"product","link":"https:\/\/streetmarkets.fr\/app\/produit\/boucles-doreilles-tresse\/","title":{"rendered":"Boucles d&#8217;oreilles &#8211; Tresse"},"content":{"rendered":"<p><span>D\u00e9couvrez-les mini cr\u00e9oles Tresse finement torsad\u00e9es. Elles habilleront discr\u00e8tement votre lobe. Toujours en plaqu\u00e9 or 3 microns par la marque fran\u00e7aise Waekura.<\/span><\/p>\n<p><span>Un accessoire parfait pour ajouter une touche de sophistication \u00e0 n&#8217;importe quelle tenue.<\/span><\/p>\n<pre class=\"tw-data-text tw-text-large XcVN5d tw-ta\" data-placeholder=\"Traduction\" dir=\"ltr\"><span lang=\"fr\"><\/span><\/pre>\n<p><strong>Ce mod\u00e8<\/strong><strong>le vous pla\u00eet, mais n&#8217;est plus disponible ? Contactez-nous \u00e0 bonjour@nadyut.com pour le pr\u00e9commander ! Vous le recevrez entre 1 et 2 semaines.<\/strong><\/p>\n","protected":false},"excerpt":{"rendered":"<p>D\u00e9couvrez-les mini cr\u00e9oles Tresse finement torsad\u00e9es. Elles habilleront discr\u00e8tement votre lobe. Toujours en plaqu\u00e9 or 3 microns par la marque fran\u00e7aise Waekura. Un accessoire parfait pour ajouter une touche de sophistication \u00e0 n&#8217;importe quelle tenue. Ce mod\u00e8le vous pla\u00eet, mais n&#8217;est plus disponible ? Contactez-nous \u00e0 bonjour@nadyut.com pour le pr\u00e9commander ! Vous le recevrez entre [&hellip;]<\/p>\n","protected":false},"featured_media":889221,"comment_status":"open","ping_status":"closed","template":"","meta":[],"product_brand":[],"product_cat":[1807,1756],"product_tag":[2244],"acf":[],"_links":{"self":[{"href":"https:\/\/streetmarkets.fr\/app\/wp-json\/wp\/v2\/product\/889220"}],"collection":[{"href":"https:\/\/streetmarkets.fr\/app\/wp-json\/wp\/v2\/product"}],"about":[{"href":"https:\/\/streetmarkets.fr\/app\/wp-json\/wp\/v2\/types\/product"}],"replies":[{"embeddable":true,"href":"https:\/\/streetmarkets.fr\/app\/wp-json\/wp\/v2\/comments?post=889220"}],"wp:featuredmedia":[{"embeddable":true,"href":"https:\/\/streetmarkets.fr\/app\/wp-json\/wp\/v2\/media\/889221"}],"wp:attachment":[{"href":"https:\/\/streetmarkets.fr\/app\/wp-json\/wp\/v2\/media?parent=889220"}],"wp:term":[{"taxonomy":"product_brand","embeddable":true,"href":"https:\/\/streetmarkets.fr\/app\/wp-json\/wp\/v2\/product_brand?post=889220"},{"taxonomy":"product_cat","embeddable":true,"href":"https:\/\/streetmarkets.fr\/app\/wp-json\/wp\/v2\/product_cat?post=889220"},{"taxonomy":"product_tag","embeddable":true,"href":"https:\/\/streetmarkets.fr\/app\/wp-json\/wp\/v2\/product_tag?post=889220"}],"curies":[{"name":"wp","href":"https:\/\/api.w.org\/{rel}","templated":true}]}}