{"id":883399,"date":"2024-11-27T01:13:15","date_gmt":"2024-11-27T00:13:15","guid":{"rendered":"https:\/\/streetmarkets.fr\/app\/produit\/sweatshirt-polo-ff-h24-femme-gris-chine-clair\/"},"modified":"2025-03-05T01:02:27","modified_gmt":"2025-03-05T00:02:27","slug":"sweatshirt-polo-ff-h24-femme-gris-chine-clair","status":"publish","type":"product","link":"https:\/\/streetmarkets.fr\/app\/produit\/sweatshirt-polo-ff-h24-femme-gris-chine-clair\/","title":{"rendered":"Sweatshirt Polo FF (H24 \/ FEMME \/ Gris Chin\u00e9 Clair)"},"content":{"rendered":"<p>Orn\u00e9 de rayures contrast\u00e9es et d&#8217;une signature &#8220;FF&#8221; sur la poitrine, ce sweatshirt court en coton s\u00e9duit par sa coupe impeccable et ses lignes affim\u00e9es. Muni d&#8217;un col polo et de manches longues, il s&#8217;associe \u00e0 un t-shirt et un pantalon ample.<\/p>\n<p>&#8211; Sweatshirt court en coton Femme<br \/>\n<br \/>&#8211; Col polo<br \/>\n<br \/>&#8211; Rayures contrast\u00e9es<br \/>\n<br \/>&#8211; Logo &#8220;FF&#8221; sur la poitrine<br \/>\n<br \/>&#8211; Manches longues<br \/>\n<br \/>&#8211; Poignets c\u00f4tel\u00e9s<br \/>\n<br \/>&#8211; Coupe regular<\/p>\n","protected":false},"excerpt":{"rendered":"<p>Orn\u00e9 de rayures contrast\u00e9es et d&#8217;une signature &#8220;FF&#8221; sur la poitrine, ce sweatshirt court en coton s\u00e9duit par sa coupe impeccable et ses lignes affim\u00e9es. Muni d&#8217;un col polo et de manches longues, il s&#8217;associe \u00e0 un t-shirt et un pantalon ample. &#8211; Sweatshirt court en coton Femme &#8211; Col polo &#8211; Rayures contrast\u00e9es &#8211; [&hellip;]<\/p>\n","protected":false},"featured_media":883400,"comment_status":"open","ping_status":"closed","template":"","meta":[],"product_brand":[6868],"product_cat":[1756,1762],"product_tag":[2244],"acf":[],"_links":{"self":[{"href":"https:\/\/streetmarkets.fr\/app\/wp-json\/wp\/v2\/product\/883399"}],"collection":[{"href":"https:\/\/streetmarkets.fr\/app\/wp-json\/wp\/v2\/product"}],"about":[{"href":"https:\/\/streetmarkets.fr\/app\/wp-json\/wp\/v2\/types\/product"}],"replies":[{"embeddable":true,"href":"https:\/\/streetmarkets.fr\/app\/wp-json\/wp\/v2\/comments?post=883399"}],"wp:featuredmedia":[{"embeddable":true,"href":"https:\/\/streetmarkets.fr\/app\/wp-json\/wp\/v2\/media\/883400"}],"wp:attachment":[{"href":"https:\/\/streetmarkets.fr\/app\/wp-json\/wp\/v2\/media?parent=883399"}],"wp:term":[{"taxonomy":"product_brand","embeddable":true,"href":"https:\/\/streetmarkets.fr\/app\/wp-json\/wp\/v2\/product_brand?post=883399"},{"taxonomy":"product_cat","embeddable":true,"href":"https:\/\/streetmarkets.fr\/app\/wp-json\/wp\/v2\/product_cat?post=883399"},{"taxonomy":"product_tag","embeddable":true,"href":"https:\/\/streetmarkets.fr\/app\/wp-json\/wp\/v2\/product_tag?post=883399"}],"curies":[{"name":"wp","href":"https:\/\/api.w.org\/{rel}","templated":true}]}}