{"id":883342,"date":"2024-11-27T01:13:09","date_gmt":"2024-11-27T00:13:09","guid":{"rendered":"https:\/\/streetmarkets.fr\/app\/produit\/pull-col-montant-h24-femme-ecru\/"},"modified":"2025-02-04T01:09:54","modified_gmt":"2025-02-04T00:09:54","slug":"pull-col-montant-h24-femme-ecru","status":"publish","type":"product","link":"https:\/\/streetmarkets.fr\/app\/produit\/pull-col-montant-h24-femme-ecru\/","title":{"rendered":"Pull Col Montant (H24 \/ FEMME \/ Ecru)"},"content":{"rendered":"<p>Confectionn\u00e9 en cachemire, ce pull court se twiste d&#8217;un jeu de torsades contrast\u00e9s et d&#8217;une broderie &#8220;FF&#8221; \u00e0 l&#8217;avant. Un col montant, des manches longues et des bords c\u00f4tel\u00e9s structurent la coupe oversize. \u00c0 la fois chic et casual, il s&#8217;associe \u00e0 une robe fluide ou un pantalon structur\u00e9.<\/p>\n<p>&#8211; Pull court en cachemire certifi\u00e9 GCS\u00ae Femme<br \/>\n<br \/>&#8211; D\u00e9tails torsad\u00e9s contrast\u00e9s<br \/>\n<br \/>&#8211; Broderie &#8220;FF&#8221;<br \/>\n<br \/>&#8211; Col montant<br \/>\n<br \/>&#8211; Manches longues<br \/>\n<br \/>&#8211; Bords c\u00f4tel\u00e9s<br \/>\n<br \/>&#8211; Coupe oversize<br \/>\n<br \/>&#8211; Le Good Cashmere Standard\u00ae (GCS) est une norme ind\u00e9pendante pour un cachemire plus durable et plus responsable. Il vise \u00e0 am\u00e9liorer le bien-\u00eatre des ch\u00e8vres cachemire, les conditions de travail des \u00e9leveurs ainsi qu&#8217;\u00e0 prot\u00e9ger l&#8217;environnement.<\/p>\n","protected":false},"excerpt":{"rendered":"<p>Confectionn\u00e9 en cachemire, ce pull court se twiste d&#8217;un jeu de torsades contrast\u00e9s et d&#8217;une broderie &#8220;FF&#8221; \u00e0 l&#8217;avant. Un col montant, des manches longues et des bords c\u00f4tel\u00e9s structurent la coupe oversize. \u00c0 la fois chic et casual, il s&#8217;associe \u00e0 une robe fluide ou un pantalon structur\u00e9. &#8211; Pull court en cachemire certifi\u00e9 [&hellip;]<\/p>\n","protected":false},"featured_media":883343,"comment_status":"open","ping_status":"closed","template":"","meta":[],"product_brand":[6868],"product_cat":[1756,1762],"product_tag":[2244],"acf":[],"_links":{"self":[{"href":"https:\/\/streetmarkets.fr\/app\/wp-json\/wp\/v2\/product\/883342"}],"collection":[{"href":"https:\/\/streetmarkets.fr\/app\/wp-json\/wp\/v2\/product"}],"about":[{"href":"https:\/\/streetmarkets.fr\/app\/wp-json\/wp\/v2\/types\/product"}],"replies":[{"embeddable":true,"href":"https:\/\/streetmarkets.fr\/app\/wp-json\/wp\/v2\/comments?post=883342"}],"wp:featuredmedia":[{"embeddable":true,"href":"https:\/\/streetmarkets.fr\/app\/wp-json\/wp\/v2\/media\/883343"}],"wp:attachment":[{"href":"https:\/\/streetmarkets.fr\/app\/wp-json\/wp\/v2\/media?parent=883342"}],"wp:term":[{"taxonomy":"product_brand","embeddable":true,"href":"https:\/\/streetmarkets.fr\/app\/wp-json\/wp\/v2\/product_brand?post=883342"},{"taxonomy":"product_cat","embeddable":true,"href":"https:\/\/streetmarkets.fr\/app\/wp-json\/wp\/v2\/product_cat?post=883342"},{"taxonomy":"product_tag","embeddable":true,"href":"https:\/\/streetmarkets.fr\/app\/wp-json\/wp\/v2\/product_tag?post=883342"}],"curies":[{"name":"wp","href":"https:\/\/api.w.org\/{rel}","templated":true}]}}