{"id":883313,"date":"2024-11-27T01:13:07","date_gmt":"2024-11-27T00:13:07","guid":{"rendered":"https:\/\/streetmarkets.fr\/app\/produit\/outerwear-manteau-poches-h24-femme-ecru\/"},"modified":"2025-03-05T01:01:50","modified_gmt":"2025-03-05T00:01:50","slug":"outerwear-manteau-poches-h24-femme-ecru","status":"publish","type":"product","link":"https:\/\/streetmarkets.fr\/app\/produit\/outerwear-manteau-poches-h24-femme-ecru\/","title":{"rendered":"Outerwear Manteau Poches (H24 \/ FEMME \/ Ecru)"},"content":{"rendered":"<p>Ce manteau long, confectionn\u00e9 en laine certifi\u00e9e RWS (Responsable Wool Standard), adopte la couleur phare de la saison pour twister votre silhouette. Muni d&#8217;une fermeture boutonn\u00e9e, un col tailleur et deux poches \u00e0 rabat, il s\u00e9duit par sa coupe impeccable et ses lignes affirm\u00e9es.<\/p>\n<p>&#8211; Manteau long en laine Femme<br \/>\n<br \/>&#8211; Col tailleur<br \/>\n<br \/>&#8211; Fermeture boutonn\u00e9e<br \/>\n<br \/>&#8211; 2 poches \u00e0 rabat<br \/>\n<br \/>&#8211; Manches longues<br \/>\n<br \/>&#8211; Coupe regular<\/p>\n","protected":false},"excerpt":{"rendered":"<p>Ce manteau long, confectionn\u00e9 en laine certifi\u00e9e RWS (Responsable Wool Standard), adopte la couleur phare de la saison pour twister votre silhouette. Muni d&#8217;une fermeture boutonn\u00e9e, un col tailleur et deux poches \u00e0 rabat, il s\u00e9duit par sa coupe impeccable et ses lignes affirm\u00e9es. &#8211; Manteau long en laine Femme &#8211; Col tailleur &#8211; Fermeture [&hellip;]<\/p>\n","protected":false},"featured_media":883314,"comment_status":"open","ping_status":"closed","template":"","meta":[],"product_brand":[6868],"product_cat":[1756,1762],"product_tag":[2244],"acf":[],"_links":{"self":[{"href":"https:\/\/streetmarkets.fr\/app\/wp-json\/wp\/v2\/product\/883313"}],"collection":[{"href":"https:\/\/streetmarkets.fr\/app\/wp-json\/wp\/v2\/product"}],"about":[{"href":"https:\/\/streetmarkets.fr\/app\/wp-json\/wp\/v2\/types\/product"}],"replies":[{"embeddable":true,"href":"https:\/\/streetmarkets.fr\/app\/wp-json\/wp\/v2\/comments?post=883313"}],"wp:featuredmedia":[{"embeddable":true,"href":"https:\/\/streetmarkets.fr\/app\/wp-json\/wp\/v2\/media\/883314"}],"wp:attachment":[{"href":"https:\/\/streetmarkets.fr\/app\/wp-json\/wp\/v2\/media?parent=883313"}],"wp:term":[{"taxonomy":"product_brand","embeddable":true,"href":"https:\/\/streetmarkets.fr\/app\/wp-json\/wp\/v2\/product_brand?post=883313"},{"taxonomy":"product_cat","embeddable":true,"href":"https:\/\/streetmarkets.fr\/app\/wp-json\/wp\/v2\/product_cat?post=883313"},{"taxonomy":"product_tag","embeddable":true,"href":"https:\/\/streetmarkets.fr\/app\/wp-json\/wp\/v2\/product_tag?post=883313"}],"curies":[{"name":"wp","href":"https:\/\/api.w.org\/{rel}","templated":true}]}}