{"id":883286,"date":"2024-11-27T01:13:05","date_gmt":"2024-11-27T00:13:05","guid":{"rendered":"https:\/\/streetmarkets.fr\/app\/produit\/outerwear-manteau-long-double-face-h24-homme-navy\/"},"modified":"2025-03-05T01:01:49","modified_gmt":"2025-03-05T00:01:49","slug":"outerwear-manteau-long-double-face-h24-homme-navy","status":"publish","type":"product","link":"https:\/\/streetmarkets.fr\/app\/produit\/outerwear-manteau-long-double-face-h24-homme-navy\/","title":{"rendered":"Outerwear Manteau Long Double Face (H24 \/ HOMME \/ Navy)"},"content":{"rendered":"<p>Confectionn\u00e9 en laine certifi\u00e9e RWS (Responsable Wool Standard) double face, ce manteau long et oversize structure la silhouette avec style. Muni de manches longues et d&#8217;une fermeture boutonn\u00e9e, il affiche un col tailleur et deux poches lat\u00e9rales. Intemporel et \u00e9l\u00e9gant, mixez-le \u00e0 un pull c\u00f4tel\u00e9 et un pantalon de tailleur.<\/p>\n<p>&#8211; Manteau long en laine double face Homme<br \/>\n<br \/>&#8211; Col tailleur<br \/>\n<br \/>&#8211; Fermeture boutonn\u00e9e<br \/>\n<br \/>&#8211; 2 poches lat\u00e9rales<br \/>\n<br \/>&#8211; Manches longues<br \/>\n<br \/>&#8211; Coupe oversize<\/p>\n","protected":false},"excerpt":{"rendered":"<p>Confectionn\u00e9 en laine certifi\u00e9e RWS (Responsable Wool Standard) double face, ce manteau long et oversize structure la silhouette avec style. Muni de manches longues et d&#8217;une fermeture boutonn\u00e9e, il affiche un col tailleur et deux poches lat\u00e9rales. Intemporel et \u00e9l\u00e9gant, mixez-le \u00e0 un pull c\u00f4tel\u00e9 et un pantalon de tailleur. &#8211; Manteau long en laine [&hellip;]<\/p>\n","protected":false},"featured_media":883287,"comment_status":"open","ping_status":"closed","template":"","meta":[],"product_brand":[6868],"product_cat":[1756,1758],"product_tag":[2244],"acf":[],"_links":{"self":[{"href":"https:\/\/streetmarkets.fr\/app\/wp-json\/wp\/v2\/product\/883286"}],"collection":[{"href":"https:\/\/streetmarkets.fr\/app\/wp-json\/wp\/v2\/product"}],"about":[{"href":"https:\/\/streetmarkets.fr\/app\/wp-json\/wp\/v2\/types\/product"}],"replies":[{"embeddable":true,"href":"https:\/\/streetmarkets.fr\/app\/wp-json\/wp\/v2\/comments?post=883286"}],"wp:featuredmedia":[{"embeddable":true,"href":"https:\/\/streetmarkets.fr\/app\/wp-json\/wp\/v2\/media\/883287"}],"wp:attachment":[{"href":"https:\/\/streetmarkets.fr\/app\/wp-json\/wp\/v2\/media?parent=883286"}],"wp:term":[{"taxonomy":"product_brand","embeddable":true,"href":"https:\/\/streetmarkets.fr\/app\/wp-json\/wp\/v2\/product_brand?post=883286"},{"taxonomy":"product_cat","embeddable":true,"href":"https:\/\/streetmarkets.fr\/app\/wp-json\/wp\/v2\/product_cat?post=883286"},{"taxonomy":"product_tag","embeddable":true,"href":"https:\/\/streetmarkets.fr\/app\/wp-json\/wp\/v2\/product_tag?post=883286"}],"curies":[{"name":"wp","href":"https:\/\/api.w.org\/{rel}","templated":true}]}}