{"id":883254,"date":"2024-11-27T01:12:21","date_gmt":"2024-11-27T00:12:21","guid":{"rendered":"https:\/\/streetmarkets.fr\/app\/produit\/pull-col-montant-coeur-leger-h24-femme-noir\/"},"modified":"2026-02-23T00:55:27","modified_gmt":"2026-02-22T23:55:27","slug":"pull-col-montant-coeur-leger-h24-femme-noir","status":"publish","type":"product","link":"https:\/\/streetmarkets.fr\/app\/produit\/pull-col-montant-coeur-leger-h24-femme-noir\/","title":{"rendered":"Pull Col Montant Coeur L\u00e9ger (H24 \/ FEMME \/ Noir)"},"content":{"rendered":"<p>Une maille l\u00e9g\u00e8re et infiniment douce pour ce pull oversize confectionn\u00e9 en cachemire. Muni d&#8217;un col montant, de manches longues et de bords c\u00f4tel\u00e9s, il d\u00e9voile un c\u0153ur orn\u00e9 d&#8217;une broderie &#8220;FUTURE&#8221; \u00e0 la poitrine. Adoptez un look chic et casual en le mixant \u00e0 une jupe fluide ou un pantalon de tailleur structur\u00e9. <\/p>\n<p>&#8211; Pull en cachemire 2 fils certifi\u00e9 GCS\u00ae Femme<br \/>\n<br \/>&#8211; Intarsia c\u0153ur et broderie Future<br \/>\n<br \/>&#8211; Col montant<br \/>\n<br \/>&#8211; Manches longues<br \/>\n<br \/>&#8211; Bords c\u00f4tel\u00e9s<br \/>\n<br \/>&#8211; Coupe oversize<br \/>\n<br \/>&#8211; Le Good Cashmere Standard\u00ae (GCS) est une norme ind\u00e9pendante pour un cachemire plus durable et plus responsable. Il vise \u00e0 am\u00e9liorer le bien-\u00eatre des ch\u00e8vres cachemire, les conditions de travail des \u00e9leveurs ainsi qu&#8217;\u00e0 prot\u00e9ger l&#8217;environnement.<\/p>\n","protected":false},"excerpt":{"rendered":"<p>Une maille l\u00e9g\u00e8re et infiniment douce pour ce pull oversize confectionn\u00e9 en cachemire. Muni d&#8217;un col montant, de manches longues et de bords c\u00f4tel\u00e9s, il d\u00e9voile un c\u0153ur orn\u00e9 d&#8217;une broderie &#8220;FUTURE&#8221; \u00e0 la poitrine. Adoptez un look chic et casual en le mixant \u00e0 une jupe fluide ou un pantalon de tailleur structur\u00e9. &#8211; [&hellip;]<\/p>\n","protected":false},"featured_media":883255,"comment_status":"open","ping_status":"closed","template":"","meta":[],"product_brand":[6868],"product_cat":[1756,1762],"product_tag":[2244],"acf":[],"_links":{"self":[{"href":"https:\/\/streetmarkets.fr\/app\/wp-json\/wp\/v2\/product\/883254"}],"collection":[{"href":"https:\/\/streetmarkets.fr\/app\/wp-json\/wp\/v2\/product"}],"about":[{"href":"https:\/\/streetmarkets.fr\/app\/wp-json\/wp\/v2\/types\/product"}],"replies":[{"embeddable":true,"href":"https:\/\/streetmarkets.fr\/app\/wp-json\/wp\/v2\/comments?post=883254"}],"wp:featuredmedia":[{"embeddable":true,"href":"https:\/\/streetmarkets.fr\/app\/wp-json\/wp\/v2\/media\/883255"}],"wp:attachment":[{"href":"https:\/\/streetmarkets.fr\/app\/wp-json\/wp\/v2\/media?parent=883254"}],"wp:term":[{"taxonomy":"product_brand","embeddable":true,"href":"https:\/\/streetmarkets.fr\/app\/wp-json\/wp\/v2\/product_brand?post=883254"},{"taxonomy":"product_cat","embeddable":true,"href":"https:\/\/streetmarkets.fr\/app\/wp-json\/wp\/v2\/product_cat?post=883254"},{"taxonomy":"product_tag","embeddable":true,"href":"https:\/\/streetmarkets.fr\/app\/wp-json\/wp\/v2\/product_tag?post=883254"}],"curies":[{"name":"wp","href":"https:\/\/api.w.org\/{rel}","templated":true}]}}