{"id":883234,"date":"2024-11-27T01:06:05","date_gmt":"2024-11-27T00:06:05","guid":{"rendered":"https:\/\/streetmarkets.fr\/app\/produit\/nouveau-xirena-blouse-lucielle-white-precommande\/"},"modified":"2025-06-25T02:04:42","modified_gmt":"2025-06-25T00:04:42","slug":"nouveau-xirena-blouse-lucielle-white-precommande","status":"publish","type":"product","link":"https:\/\/streetmarkets.fr\/app\/produit\/nouveau-xirena-blouse-lucielle-white-precommande\/","title":{"rendered":"Nouveau ! XIRENA Blouse Lucielle White -30%"},"content":{"rendered":"<p data-rte-preserve-empty=\"true\">Blouse l\u00e9g\u00e8re en coton, broderies anglaises et volants, coupe ample, manches longues, emmanchure large et poignets boutonn\u00e9e, pliss\u00e9e sur le devant et le dos. \u00c9galement disponible dans les couleurs Washed Black et Windmill Blue.<\/p>\n<p data-rte-preserve-empty=\"true\">\n<p data-rte-preserve-empty=\"true\"><span>D\u00e9tail : 100% coton<\/span><\/p>\n","protected":false},"excerpt":{"rendered":"<p>Blouse l\u00e9g\u00e8re en coton, broderies anglaises et volants, coupe ample, manches longues, emmanchure large et poignets boutonn\u00e9e, pliss\u00e9e sur le devant et le dos. \u00c9galement disponible dans les couleurs Washed Black et Windmill Blue. D\u00e9tail : 100% coton<\/p>\n","protected":false},"featured_media":883235,"comment_status":"open","ping_status":"closed","template":"","meta":[],"product_brand":[],"product_cat":[1756,1762],"product_tag":[2244],"acf":[],"_links":{"self":[{"href":"https:\/\/streetmarkets.fr\/app\/wp-json\/wp\/v2\/product\/883234"}],"collection":[{"href":"https:\/\/streetmarkets.fr\/app\/wp-json\/wp\/v2\/product"}],"about":[{"href":"https:\/\/streetmarkets.fr\/app\/wp-json\/wp\/v2\/types\/product"}],"replies":[{"embeddable":true,"href":"https:\/\/streetmarkets.fr\/app\/wp-json\/wp\/v2\/comments?post=883234"}],"wp:featuredmedia":[{"embeddable":true,"href":"https:\/\/streetmarkets.fr\/app\/wp-json\/wp\/v2\/media\/883235"}],"wp:attachment":[{"href":"https:\/\/streetmarkets.fr\/app\/wp-json\/wp\/v2\/media?parent=883234"}],"wp:term":[{"taxonomy":"product_brand","embeddable":true,"href":"https:\/\/streetmarkets.fr\/app\/wp-json\/wp\/v2\/product_brand?post=883234"},{"taxonomy":"product_cat","embeddable":true,"href":"https:\/\/streetmarkets.fr\/app\/wp-json\/wp\/v2\/product_cat?post=883234"},{"taxonomy":"product_tag","embeddable":true,"href":"https:\/\/streetmarkets.fr\/app\/wp-json\/wp\/v2\/product_tag?post=883234"}],"curies":[{"name":"wp","href":"https:\/\/api.w.org\/{rel}","templated":true}]}}