{"id":872568,"date":"2024-11-24T07:43:10","date_gmt":"2024-11-24T06:43:10","guid":{"rendered":"https:\/\/streetmarkets.fr\/app\/produit\/cardigan-gilet-mohair-soie-coloris-khaki-ref-ct-24311-ct-plage\/"},"modified":"2026-05-05T08:37:55","modified_gmt":"2026-05-05T06:37:55","slug":"cardigan-gilet-mohair-soie-coloris-khaki-ref-ct-24311-ct-plage","status":"publish","type":"product","link":"https:\/\/streetmarkets.fr\/app\/produit\/cardigan-gilet-mohair-soie-coloris-khaki-ref-ct-24311-ct-plage\/","title":{"rendered":"Cardigan gilet mohair &amp; soie coloris khaki ref CT 24311 &#8211; CT Plage"},"content":{"rendered":"<p>Nouveau mod\u00e8le chez CT plage : ce magnifique cardigan coloris kaki que vous pourrez porter \u00e0 m\u00eame la peau tellement\u00a0sa douceur est exceptionnelle.\u00a0<\/p>\n<p data-mce-fragment=\"1\">La forme est oversized, vous trouverez donc la taille 36 qui pourra convenir \u00e0 toutes.\u00a0<br \/>4 boutons et d\u00e9collet\u00e9 profond, 1 poche cot\u00e9 droit.\u00a0<\/p>\n<p>M\u00e9lange de soie et de mohair ultra doux<\/p>\n","protected":false},"excerpt":{"rendered":"<p>Nouveau mod\u00e8le chez CT plage : ce magnifique cardigan coloris kaki que vous pourrez porter \u00e0 m\u00eame la peau tellement\u00a0sa douceur est exceptionnelle.\u00a0 La forme est oversized, vous trouverez donc la taille 36 qui pourra convenir \u00e0 toutes.\u00a04 boutons et d\u00e9collet\u00e9 profond, 1 poche cot\u00e9 droit.\u00a0 M\u00e9lange de soie et de mohair ultra doux<\/p>\n","protected":false},"featured_media":872569,"comment_status":"open","ping_status":"closed","template":"","meta":[],"product_brand":[],"product_cat":[1756,1762],"product_tag":[2244],"acf":[],"_links":{"self":[{"href":"https:\/\/streetmarkets.fr\/app\/wp-json\/wp\/v2\/product\/872568"}],"collection":[{"href":"https:\/\/streetmarkets.fr\/app\/wp-json\/wp\/v2\/product"}],"about":[{"href":"https:\/\/streetmarkets.fr\/app\/wp-json\/wp\/v2\/types\/product"}],"replies":[{"embeddable":true,"href":"https:\/\/streetmarkets.fr\/app\/wp-json\/wp\/v2\/comments?post=872568"}],"wp:featuredmedia":[{"embeddable":true,"href":"https:\/\/streetmarkets.fr\/app\/wp-json\/wp\/v2\/media\/872569"}],"wp:attachment":[{"href":"https:\/\/streetmarkets.fr\/app\/wp-json\/wp\/v2\/media?parent=872568"}],"wp:term":[{"taxonomy":"product_brand","embeddable":true,"href":"https:\/\/streetmarkets.fr\/app\/wp-json\/wp\/v2\/product_brand?post=872568"},{"taxonomy":"product_cat","embeddable":true,"href":"https:\/\/streetmarkets.fr\/app\/wp-json\/wp\/v2\/product_cat?post=872568"},{"taxonomy":"product_tag","embeddable":true,"href":"https:\/\/streetmarkets.fr\/app\/wp-json\/wp\/v2\/product_tag?post=872568"}],"curies":[{"name":"wp","href":"https:\/\/api.w.org\/{rel}","templated":true}]}}