{"id":867076,"date":"2024-11-24T00:42:28","date_gmt":"2024-11-23T23:42:28","guid":{"rendered":"https:\/\/streetmarkets.fr\/app\/produit\/caprice-paris-boucles-doreilles-ariel\/"},"modified":"2025-12-14T00:28:59","modified_gmt":"2025-12-13T23:28:59","slug":"caprice-paris-boucles-doreilles-ariel","status":"publish","type":"product","link":"https:\/\/streetmarkets.fr\/app\/produit\/caprice-paris-boucles-doreilles-ariel\/","title":{"rendered":"Caprice Paris &#8211; Boucles d&#8217;oreilles Ariel"},"content":{"rendered":"<h4>Des boucles d\u2019oreilles dor\u00e9es \u00e0 pendants longs orn\u00e9es de coquillages cauri et d\u2019une d\u00e9licate \u00e9toile de mer. Leur design \u00e9voque la s\u00e9r\u00e9nit\u00e9 des plages, ajoutant une touche d\u2019\u00e9l\u00e9gance naturelle \u00e0 votre style quotidien.<\/h4>\n<p>\u2022 Acier inoxydable dor\u00e9 \u00e0 l\u2019or fin<br \/>\n\u2022 R\u00e9sistent \u00e0 l\u2019eau<br \/>\n\u2022 Ne changent pas de couleur, ne d\u00e9teignent pas sur la peau<br \/>\n\u2022 Hypoallerg\u00e9niques<br \/>\n\u2022 Longueur: 7cm, largeur: 2.5m<br \/>\n\u2022 Finition: or brillant<\/p>\n","protected":false},"excerpt":{"rendered":"<p>Des boucles d\u2019oreilles dor\u00e9es \u00e0 pendants longs orn\u00e9es de coquillages cauri et d\u2019une d\u00e9licate \u00e9toile de mer. Leur design \u00e9voque la s\u00e9r\u00e9nit\u00e9 des plages, ajoutant une touche d\u2019\u00e9l\u00e9gance naturelle \u00e0 votre style quotidien. \u2022 Acier inoxydable dor\u00e9 \u00e0 l\u2019or fin \u2022 R\u00e9sistent \u00e0 l\u2019eau \u2022 Ne changent pas de couleur, ne d\u00e9teignent pas sur la [&hellip;]<\/p>\n","protected":false},"featured_media":867077,"comment_status":"open","ping_status":"closed","template":"","meta":[],"product_brand":[],"product_cat":[1807,1756],"product_tag":[1810],"acf":[],"_links":{"self":[{"href":"https:\/\/streetmarkets.fr\/app\/wp-json\/wp\/v2\/product\/867076"}],"collection":[{"href":"https:\/\/streetmarkets.fr\/app\/wp-json\/wp\/v2\/product"}],"about":[{"href":"https:\/\/streetmarkets.fr\/app\/wp-json\/wp\/v2\/types\/product"}],"replies":[{"embeddable":true,"href":"https:\/\/streetmarkets.fr\/app\/wp-json\/wp\/v2\/comments?post=867076"}],"wp:featuredmedia":[{"embeddable":true,"href":"https:\/\/streetmarkets.fr\/app\/wp-json\/wp\/v2\/media\/867077"}],"wp:attachment":[{"href":"https:\/\/streetmarkets.fr\/app\/wp-json\/wp\/v2\/media?parent=867076"}],"wp:term":[{"taxonomy":"product_brand","embeddable":true,"href":"https:\/\/streetmarkets.fr\/app\/wp-json\/wp\/v2\/product_brand?post=867076"},{"taxonomy":"product_cat","embeddable":true,"href":"https:\/\/streetmarkets.fr\/app\/wp-json\/wp\/v2\/product_cat?post=867076"},{"taxonomy":"product_tag","embeddable":true,"href":"https:\/\/streetmarkets.fr\/app\/wp-json\/wp\/v2\/product_tag?post=867076"}],"curies":[{"name":"wp","href":"https:\/\/api.w.org\/{rel}","templated":true}]}}