{"id":867068,"date":"2024-11-24T00:42:27","date_gmt":"2024-11-23T23:42:27","guid":{"rendered":"https:\/\/streetmarkets.fr\/app\/produit\/caprice-paris-boucles-donatella\/"},"modified":"2025-12-14T00:28:59","modified_gmt":"2025-12-13T23:28:59","slug":"caprice-paris-boucles-donatella","status":"publish","type":"product","link":"https:\/\/streetmarkets.fr\/app\/produit\/caprice-paris-boucles-donatella\/","title":{"rendered":"Caprice Paris &#8211; Boucles Donatella"},"content":{"rendered":"<h4>Des boucles d\u2019oreilles \u00e0 pendants en forme de croix large orn\u00e9 de strass arrondis, au design inspir\u00e9 des 90\u2019s. Un clin d\u2019\u0153il audacieux \u00e0 la tendance r\u00e9tro des ann\u00e9es 90, qui stylisera votre look.<\/h4>\n<p>\u2022 Acier inoxydable dor\u00e9 \u00e0 l\u2019or fin<br \/>\n\u2022 R\u00e9sistent \u00e0 l\u2019eau<br \/>\n\u2022 Ne changent pas de couleur, ne d\u00e9teignent pas sur la peau<br \/>\n\u2022 Hypoallerg\u00e9niques<br \/>\n\u2022 Longueur: 30mm, largeur: 22mm<br \/>\n\u2022 Finition: or brillant<\/p>\n","protected":false},"excerpt":{"rendered":"<p>Des boucles d\u2019oreilles \u00e0 pendants en forme de croix large orn\u00e9 de strass arrondis, au design inspir\u00e9 des 90\u2019s. Un clin d\u2019\u0153il audacieux \u00e0 la tendance r\u00e9tro des ann\u00e9es 90, qui stylisera votre look. \u2022 Acier inoxydable dor\u00e9 \u00e0 l\u2019or fin \u2022 R\u00e9sistent \u00e0 l\u2019eau \u2022 Ne changent pas de couleur, ne d\u00e9teignent pas sur [&hellip;]<\/p>\n","protected":false},"featured_media":867069,"comment_status":"open","ping_status":"closed","template":"","meta":[],"product_brand":[],"product_cat":[1807,1756],"product_tag":[1810],"acf":[],"_links":{"self":[{"href":"https:\/\/streetmarkets.fr\/app\/wp-json\/wp\/v2\/product\/867068"}],"collection":[{"href":"https:\/\/streetmarkets.fr\/app\/wp-json\/wp\/v2\/product"}],"about":[{"href":"https:\/\/streetmarkets.fr\/app\/wp-json\/wp\/v2\/types\/product"}],"replies":[{"embeddable":true,"href":"https:\/\/streetmarkets.fr\/app\/wp-json\/wp\/v2\/comments?post=867068"}],"wp:featuredmedia":[{"embeddable":true,"href":"https:\/\/streetmarkets.fr\/app\/wp-json\/wp\/v2\/media\/867069"}],"wp:attachment":[{"href":"https:\/\/streetmarkets.fr\/app\/wp-json\/wp\/v2\/media?parent=867068"}],"wp:term":[{"taxonomy":"product_brand","embeddable":true,"href":"https:\/\/streetmarkets.fr\/app\/wp-json\/wp\/v2\/product_brand?post=867068"},{"taxonomy":"product_cat","embeddable":true,"href":"https:\/\/streetmarkets.fr\/app\/wp-json\/wp\/v2\/product_cat?post=867068"},{"taxonomy":"product_tag","embeddable":true,"href":"https:\/\/streetmarkets.fr\/app\/wp-json\/wp\/v2\/product_tag?post=867068"}],"curies":[{"name":"wp","href":"https:\/\/api.w.org\/{rel}","templated":true}]}}