{"id":867059,"date":"2024-11-24T00:42:27","date_gmt":"2024-11-23T23:42:27","guid":{"rendered":"https:\/\/streetmarkets.fr\/app\/produit\/caprice-paris-bracelet-bella-or\/"},"modified":"2025-12-14T00:28:58","modified_gmt":"2025-12-13T23:28:58","slug":"caprice-paris-bracelet-bella-or","status":"publish","type":"product","link":"https:\/\/streetmarkets.fr\/app\/produit\/caprice-paris-bracelet-bella-or\/","title":{"rendered":"Caprice Paris &#8211; Bracelet Bella Or"},"content":{"rendered":"<h4>Un bracelet large \u00e0 maille figaro cisel\u00e9e pour un aspect mat et fermoir b\u00e2ton. Un must have androgyne chic.<\/h4>\n<p>\u2022 Acier inoxydable dor\u00e9 \u00e0 l\u2019or fin<br \/>\n\u2022 R\u00e9siste \u00e0 l\u2019eau<br \/>\n\u2022 Ne change pas de couleur, ne d\u00e9teint pas sur la peau<br \/>\n\u2022 Hypoallerg\u00e9nique<br \/>\n\u2022 Longueur: 19.5cm, largeur: 8mm<br \/>\n\u2022 Finition: or mat (existe aussi en argent\u00e9)<\/p>\n","protected":false},"excerpt":{"rendered":"<p>Un bracelet large \u00e0 maille figaro cisel\u00e9e pour un aspect mat et fermoir b\u00e2ton. Un must have androgyne chic. \u2022 Acier inoxydable dor\u00e9 \u00e0 l\u2019or fin \u2022 R\u00e9siste \u00e0 l\u2019eau \u2022 Ne change pas de couleur, ne d\u00e9teint pas sur la peau \u2022 Hypoallerg\u00e9nique \u2022 Longueur: 19.5cm, largeur: 8mm \u2022 Finition: or mat (existe aussi [&hellip;]<\/p>\n","protected":false},"featured_media":0,"comment_status":"open","ping_status":"closed","template":"","meta":[],"product_brand":[],"product_cat":[1807,1756],"product_tag":[1810],"acf":[],"_links":{"self":[{"href":"https:\/\/streetmarkets.fr\/app\/wp-json\/wp\/v2\/product\/867059"}],"collection":[{"href":"https:\/\/streetmarkets.fr\/app\/wp-json\/wp\/v2\/product"}],"about":[{"href":"https:\/\/streetmarkets.fr\/app\/wp-json\/wp\/v2\/types\/product"}],"replies":[{"embeddable":true,"href":"https:\/\/streetmarkets.fr\/app\/wp-json\/wp\/v2\/comments?post=867059"}],"wp:attachment":[{"href":"https:\/\/streetmarkets.fr\/app\/wp-json\/wp\/v2\/media?parent=867059"}],"wp:term":[{"taxonomy":"product_brand","embeddable":true,"href":"https:\/\/streetmarkets.fr\/app\/wp-json\/wp\/v2\/product_brand?post=867059"},{"taxonomy":"product_cat","embeddable":true,"href":"https:\/\/streetmarkets.fr\/app\/wp-json\/wp\/v2\/product_cat?post=867059"},{"taxonomy":"product_tag","embeddable":true,"href":"https:\/\/streetmarkets.fr\/app\/wp-json\/wp\/v2\/product_tag?post=867059"}],"curies":[{"name":"wp","href":"https:\/\/api.w.org\/{rel}","templated":true}]}}