{"id":867049,"date":"2024-11-24T00:42:26","date_gmt":"2024-11-23T23:42:26","guid":{"rendered":"https:\/\/streetmarkets.fr\/app\/produit\/caprice-paris-collier-teresa-or\/"},"modified":"2025-12-14T00:28:58","modified_gmt":"2025-12-13T23:28:58","slug":"caprice-paris-collier-teresa-or","status":"publish","type":"product","link":"https:\/\/streetmarkets.fr\/app\/produit\/caprice-paris-collier-teresa-or\/","title":{"rendered":"Caprice Paris &#8211; Collier Teresa Or"},"content":{"rendered":"<h4>Un collier ras de cou \u00e0 la cha\u00eene gourmette \u00e9paisse et l\u00e9g\u00e8rement mate, pour un look r\u00e9solument chic et r\u00e9tro<\/h4>\n<p>\u2022 Acier inoxydable dor\u00e9 \u00e0 l\u2019or fin<br \/>\n\u2022 R\u00e9siste \u00e0 l\u2019eau<br \/>\n\u2022 Ne change pas de couleur, ne d\u00e9teint pas sur la peau<br \/>\n\u2022 Hypoallerg\u00e9nique<br \/>\n\u2022 Maille gourmette XL<br \/>\n\u2022 Longueur: 40cm, largeur: 5mm<br \/>\n\u2022 Finition: or mat<br \/>\n\u2022 Unisexe<\/p>\n","protected":false},"excerpt":{"rendered":"<p>Un collier ras de cou \u00e0 la cha\u00eene gourmette \u00e9paisse et l\u00e9g\u00e8rement mate, pour un look r\u00e9solument chic et r\u00e9tro \u2022 Acier inoxydable dor\u00e9 \u00e0 l\u2019or fin \u2022 R\u00e9siste \u00e0 l\u2019eau \u2022 Ne change pas de couleur, ne d\u00e9teint pas sur la peau \u2022 Hypoallerg\u00e9nique \u2022 Maille gourmette XL \u2022 Longueur: 40cm, largeur: 5mm \u2022 [&hellip;]<\/p>\n","protected":false},"featured_media":867050,"comment_status":"open","ping_status":"closed","template":"","meta":[],"product_brand":[],"product_cat":[1807,1756],"product_tag":[1810],"acf":[],"_links":{"self":[{"href":"https:\/\/streetmarkets.fr\/app\/wp-json\/wp\/v2\/product\/867049"}],"collection":[{"href":"https:\/\/streetmarkets.fr\/app\/wp-json\/wp\/v2\/product"}],"about":[{"href":"https:\/\/streetmarkets.fr\/app\/wp-json\/wp\/v2\/types\/product"}],"replies":[{"embeddable":true,"href":"https:\/\/streetmarkets.fr\/app\/wp-json\/wp\/v2\/comments?post=867049"}],"wp:featuredmedia":[{"embeddable":true,"href":"https:\/\/streetmarkets.fr\/app\/wp-json\/wp\/v2\/media\/867050"}],"wp:attachment":[{"href":"https:\/\/streetmarkets.fr\/app\/wp-json\/wp\/v2\/media?parent=867049"}],"wp:term":[{"taxonomy":"product_brand","embeddable":true,"href":"https:\/\/streetmarkets.fr\/app\/wp-json\/wp\/v2\/product_brand?post=867049"},{"taxonomy":"product_cat","embeddable":true,"href":"https:\/\/streetmarkets.fr\/app\/wp-json\/wp\/v2\/product_cat?post=867049"},{"taxonomy":"product_tag","embeddable":true,"href":"https:\/\/streetmarkets.fr\/app\/wp-json\/wp\/v2\/product_tag?post=867049"}],"curies":[{"name":"wp","href":"https:\/\/api.w.org\/{rel}","templated":true}]}}