{"id":866978,"date":"2024-11-24T00:34:47","date_gmt":"2024-11-23T23:34:47","guid":{"rendered":"https:\/\/streetmarkets.fr\/app\/produit\/caprice-paris-createur-bague-gigi\/"},"modified":"2025-12-14T00:28:14","modified_gmt":"2025-12-13T23:28:14","slug":"caprice-paris-createur-bague-gigi","status":"publish","type":"product","link":"https:\/\/streetmarkets.fr\/app\/produit\/caprice-paris-createur-bague-gigi\/","title":{"rendered":"Caprice Paris &#8211; Cr\u00e9ateur Bague Gigi"},"content":{"rendered":"<p>La bague Gigi est une bague \u00e0 multi rangs irr\u00e9guliers orn\u00e9es de strass qui illuminera d\u00e9licatement vos mains.<\/p>\n<p>\u2022 Acier inoxydable dor\u00e9 \u00e0 l\u2019or fin<br \/>\n\u2022 R\u00e9siste \u00e0 l\u2019eau<br \/>\n\u2022 Ne change pas de couleur, ne d\u00e9teint pas sur la peau<br \/>\n\u2022 Hypoallerg\u00e9nique<br \/>\n\u2022 Diam\u00e8tre : 18mm, largeur : 11mm<br \/>\n\u2022 Taille r\u00e9glable<br \/>\n\u2022 Finition : or brillant<\/p>\n","protected":false},"excerpt":{"rendered":"<p>La bague Gigi est une bague \u00e0 multi rangs irr\u00e9guliers orn\u00e9es de strass qui illuminera d\u00e9licatement vos mains. \u2022 Acier inoxydable dor\u00e9 \u00e0 l\u2019or fin \u2022 R\u00e9siste \u00e0 l\u2019eau \u2022 Ne change pas de couleur, ne d\u00e9teint pas sur la peau \u2022 Hypoallerg\u00e9nique \u2022 Diam\u00e8tre : 18mm, largeur : 11mm \u2022 Taille r\u00e9glable \u2022 Finition [&hellip;]<\/p>\n","protected":false},"featured_media":866979,"comment_status":"open","ping_status":"closed","template":"","meta":[],"product_brand":[],"product_cat":[1807,1756],"product_tag":[1810],"acf":[],"_links":{"self":[{"href":"https:\/\/streetmarkets.fr\/app\/wp-json\/wp\/v2\/product\/866978"}],"collection":[{"href":"https:\/\/streetmarkets.fr\/app\/wp-json\/wp\/v2\/product"}],"about":[{"href":"https:\/\/streetmarkets.fr\/app\/wp-json\/wp\/v2\/types\/product"}],"replies":[{"embeddable":true,"href":"https:\/\/streetmarkets.fr\/app\/wp-json\/wp\/v2\/comments?post=866978"}],"wp:featuredmedia":[{"embeddable":true,"href":"https:\/\/streetmarkets.fr\/app\/wp-json\/wp\/v2\/media\/866979"}],"wp:attachment":[{"href":"https:\/\/streetmarkets.fr\/app\/wp-json\/wp\/v2\/media?parent=866978"}],"wp:term":[{"taxonomy":"product_brand","embeddable":true,"href":"https:\/\/streetmarkets.fr\/app\/wp-json\/wp\/v2\/product_brand?post=866978"},{"taxonomy":"product_cat","embeddable":true,"href":"https:\/\/streetmarkets.fr\/app\/wp-json\/wp\/v2\/product_cat?post=866978"},{"taxonomy":"product_tag","embeddable":true,"href":"https:\/\/streetmarkets.fr\/app\/wp-json\/wp\/v2\/product_tag?post=866978"}],"curies":[{"name":"wp","href":"https:\/\/api.w.org\/{rel}","templated":true}]}}