{"id":866672,"date":"2024-11-23T03:09:03","date_gmt":"2024-11-23T02:09:03","guid":{"rendered":"https:\/\/streetmarkets.fr\/app\/produit\/subsequence-vol-7\/"},"modified":"2026-05-13T03:51:13","modified_gmt":"2026-05-13T01:51:13","slug":"subsequence-vol-7","status":"publish","type":"product","link":"https:\/\/streetmarkets.fr\/app\/produit\/subsequence-vol-7\/","title":{"rendered":"Subsequence Vol. 7"},"content":{"rendered":"<p>Volume 7<\/p>\n<p>Dans cette \u00e9dition, Subsequence a r\u00e9alis\u00e9 des interviews et des reportages exceptionnels avec Christina Kim (designer), Rapha\u00ebl Zarka (p<span>lasticien<\/span>) et Gerhard Steidl (<span>Imprimeur<\/span> et \u00e9diteur). L&#8217;\u00e9quipe de Subsequence a travaill\u00e9 sans rel\u00e2che pour vous offrir un magazine de grande qualit\u00e9, informatif et captivant.<\/p>\n","protected":false},"excerpt":{"rendered":"<p>Volume 7 Dans cette \u00e9dition, Subsequence a r\u00e9alis\u00e9 des interviews et des reportages exceptionnels avec Christina Kim (designer), Rapha\u00ebl Zarka (plasticien) et Gerhard Steidl (Imprimeur et \u00e9diteur). L&#8217;\u00e9quipe de Subsequence a travaill\u00e9 sans rel\u00e2che pour vous offrir un magazine de grande qualit\u00e9, informatif et captivant.<\/p>\n","protected":false},"featured_media":866673,"comment_status":"open","ping_status":"closed","template":"","meta":[],"product_brand":[],"product_cat":[1756,1760],"product_tag":[2244,1813],"acf":[],"_links":{"self":[{"href":"https:\/\/streetmarkets.fr\/app\/wp-json\/wp\/v2\/product\/866672"}],"collection":[{"href":"https:\/\/streetmarkets.fr\/app\/wp-json\/wp\/v2\/product"}],"about":[{"href":"https:\/\/streetmarkets.fr\/app\/wp-json\/wp\/v2\/types\/product"}],"replies":[{"embeddable":true,"href":"https:\/\/streetmarkets.fr\/app\/wp-json\/wp\/v2\/comments?post=866672"}],"wp:featuredmedia":[{"embeddable":true,"href":"https:\/\/streetmarkets.fr\/app\/wp-json\/wp\/v2\/media\/866673"}],"wp:attachment":[{"href":"https:\/\/streetmarkets.fr\/app\/wp-json\/wp\/v2\/media?parent=866672"}],"wp:term":[{"taxonomy":"product_brand","embeddable":true,"href":"https:\/\/streetmarkets.fr\/app\/wp-json\/wp\/v2\/product_brand?post=866672"},{"taxonomy":"product_cat","embeddable":true,"href":"https:\/\/streetmarkets.fr\/app\/wp-json\/wp\/v2\/product_cat?post=866672"},{"taxonomy":"product_tag","embeddable":true,"href":"https:\/\/streetmarkets.fr\/app\/wp-json\/wp\/v2\/product_tag?post=866672"}],"curies":[{"name":"wp","href":"https:\/\/api.w.org\/{rel}","templated":true}]}}