{"id":860786,"date":"2024-11-22T07:42:45","date_gmt":"2024-11-22T06:42:45","guid":{"rendered":"https:\/\/streetmarkets.fr\/app\/produit\/col-rose-fluo-mi-saison-2-fils-koon\/"},"modified":"2026-05-10T08:37:48","modified_gmt":"2026-05-10T06:37:48","slug":"col-rose-fluo-mi-saison-2-fils-koon","status":"publish","type":"product","link":"https:\/\/streetmarkets.fr\/app\/produit\/col-rose-fluo-mi-saison-2-fils-koon\/","title":{"rendered":"Col rose fluo mi-saison 2 fils &#8211; KOON"},"content":{"rendered":"<p>\u00a0<\/p>\n<div data-mce-fragment=\"1\" class=\"product__description color--primary-text bg--primary-background my2\">\n<h4 data-mce-fragment=\"1\" id=\"productDescription\" class=\"rte mx--auto font-size__basic max-width--3\">\n<span style=\"vertical-align: inherit\">Tour de cou mi &#8211; saison en cachemire 2 fils qui remplace de fa\u00e7on styl\u00e9e une \u00e9charpe. <\/span><span style=\"vertical-align: inherit\">Il se porte en dessous d&#8217;une chemise ou d&#8217;un pull col V, il remplace \u00e0 merveille un col, roul\u00e9.\u00a0<\/span><br \/>\n<\/h4>\n<div data-mce-fragment=\"1\" data-product-description=\"\" class=\"rte mx--auto font-size__basic max-width--3\"><\/div>\n<div data-mce-fragment=\"1\" data-product-description=\"\" class=\"rte mx--auto font-size__basic max-width--3\"><\/div>\n<div data-mce-fragment=\"1\" data-product-description=\"\" class=\"rte mx--auto font-size__basic max-width--3\"><\/div>\n<div data-mce-fragment=\"1\" data-product-description=\"\" class=\"rte mx--auto font-size__basic max-width--3\"><\/div>\n<div data-mce-fragment=\"1\" data-product-description=\"\" class=\"rte mx--auto font-size__basic max-width--3\"><\/div>\n<div data-mce-fragment=\"1\" data-product-description=\"\" class=\"rte mx--auto font-size__basic max-width--3\"><\/div>\n<div data-mce-fragment=\"1\" data-product-description=\"\" class=\"rte mx--auto font-size__basic max-width--3\"><\/div>\n<\/div>\n","protected":false},"excerpt":{"rendered":"<p>\u00a0 Tour de cou mi &#8211; saison en cachemire 2 fils qui remplace de fa\u00e7on styl\u00e9e une \u00e9charpe. Il se porte en dessous d&#8217;une chemise ou d&#8217;un pull col V, il remplace \u00e0 merveille un col, roul\u00e9.\u00a0<\/p>\n","protected":false},"featured_media":860787,"comment_status":"open","ping_status":"closed","template":"","meta":[],"product_brand":[],"product_cat":[1756,1762],"product_tag":[2244],"acf":[],"_links":{"self":[{"href":"https:\/\/streetmarkets.fr\/app\/wp-json\/wp\/v2\/product\/860786"}],"collection":[{"href":"https:\/\/streetmarkets.fr\/app\/wp-json\/wp\/v2\/product"}],"about":[{"href":"https:\/\/streetmarkets.fr\/app\/wp-json\/wp\/v2\/types\/product"}],"replies":[{"embeddable":true,"href":"https:\/\/streetmarkets.fr\/app\/wp-json\/wp\/v2\/comments?post=860786"}],"wp:featuredmedia":[{"embeddable":true,"href":"https:\/\/streetmarkets.fr\/app\/wp-json\/wp\/v2\/media\/860787"}],"wp:attachment":[{"href":"https:\/\/streetmarkets.fr\/app\/wp-json\/wp\/v2\/media?parent=860786"}],"wp:term":[{"taxonomy":"product_brand","embeddable":true,"href":"https:\/\/streetmarkets.fr\/app\/wp-json\/wp\/v2\/product_brand?post=860786"},{"taxonomy":"product_cat","embeddable":true,"href":"https:\/\/streetmarkets.fr\/app\/wp-json\/wp\/v2\/product_cat?post=860786"},{"taxonomy":"product_tag","embeddable":true,"href":"https:\/\/streetmarkets.fr\/app\/wp-json\/wp\/v2\/product_tag?post=860786"}],"curies":[{"name":"wp","href":"https:\/\/api.w.org\/{rel}","templated":true}]}}