{"id":846280,"date":"2024-11-21T01:27:09","date_gmt":"2024-11-21T00:27:09","guid":{"rendered":"https:\/\/streetmarkets.fr\/app\/produit\/pull-col-camionneur-h24-femme-sable\/"},"modified":"2025-03-05T01:01:49","modified_gmt":"2025-03-05T00:01:49","slug":"pull-col-camionneur-h24-femme-sable","status":"publish","type":"product","link":"https:\/\/streetmarkets.fr\/app\/produit\/pull-col-camionneur-h24-femme-sable\/","title":{"rendered":"Pull Col Camionneur (H24 \/ FEMME \/ Sable)"},"content":{"rendered":"<p>D\u00e9valez les pistes avec \u00e9l\u00e9gance dans ce pull confectionn\u00e9 en cachemire. Avec un col camionneur, des manches longues et des bords c\u00f4tel\u00e9s, il se twiste d&#8217;un motif Ski Club et de bandes contrast\u00e9es. Compl\u00e9tez votre look de saison avec un pantalon d\u00e9contract\u00e9 ou un jean structur\u00e9.<\/p>\n<p>&#8211; Pull en cachemire certifi\u00e9 GCS\u00ae Femme<br \/>\n<br \/>&#8211; Motif Ski Club<br \/>\n<br \/>&#8211; Bandes contrast\u00e9es<br \/>\n<br \/>&#8211; Col camionneur<br \/>\n<br \/>&#8211; Manches longues<br \/>\n<br \/>&#8211; Bords c\u00f4tel\u00e9s<br \/>\n<br \/>&#8211; Coupe regular<br \/>\n<br \/>&#8211; Le Good Cashmere Standard\u00ae (GCS) est une norme ind\u00e9pendante pour un cachemire plus durable et plus responsable. Il vise \u00e0 am\u00e9liorer le bien-\u00eatre des ch\u00e8vres cachemire, les conditions de travail des \u00e9leveurs ainsi qu&#8217;\u00e0 prot\u00e9ger l&#8217;environnement.<br \/>&#8211; <u>Cachemire 6 fils<\/u> <\/p>\n","protected":false},"excerpt":{"rendered":"<p>D\u00e9valez les pistes avec \u00e9l\u00e9gance dans ce pull confectionn\u00e9 en cachemire. Avec un col camionneur, des manches longues et des bords c\u00f4tel\u00e9s, il se twiste d&#8217;un motif Ski Club et de bandes contrast\u00e9es. Compl\u00e9tez votre look de saison avec un pantalon d\u00e9contract\u00e9 ou un jean structur\u00e9. &#8211; Pull en cachemire certifi\u00e9 GCS\u00ae Femme &#8211; Motif [&hellip;]<\/p>\n","protected":false},"featured_media":846281,"comment_status":"open","ping_status":"closed","template":"","meta":[],"product_brand":[6868],"product_cat":[1756,1762],"product_tag":[2244],"acf":[],"_links":{"self":[{"href":"https:\/\/streetmarkets.fr\/app\/wp-json\/wp\/v2\/product\/846280"}],"collection":[{"href":"https:\/\/streetmarkets.fr\/app\/wp-json\/wp\/v2\/product"}],"about":[{"href":"https:\/\/streetmarkets.fr\/app\/wp-json\/wp\/v2\/types\/product"}],"replies":[{"embeddable":true,"href":"https:\/\/streetmarkets.fr\/app\/wp-json\/wp\/v2\/comments?post=846280"}],"wp:featuredmedia":[{"embeddable":true,"href":"https:\/\/streetmarkets.fr\/app\/wp-json\/wp\/v2\/media\/846281"}],"wp:attachment":[{"href":"https:\/\/streetmarkets.fr\/app\/wp-json\/wp\/v2\/media?parent=846280"}],"wp:term":[{"taxonomy":"product_brand","embeddable":true,"href":"https:\/\/streetmarkets.fr\/app\/wp-json\/wp\/v2\/product_brand?post=846280"},{"taxonomy":"product_cat","embeddable":true,"href":"https:\/\/streetmarkets.fr\/app\/wp-json\/wp\/v2\/product_cat?post=846280"},{"taxonomy":"product_tag","embeddable":true,"href":"https:\/\/streetmarkets.fr\/app\/wp-json\/wp\/v2\/product_tag?post=846280"}],"curies":[{"name":"wp","href":"https:\/\/api.w.org\/{rel}","templated":true}]}}