{"id":846251,"date":"2024-11-21T01:27:04","date_gmt":"2024-11-21T00:27:04","guid":{"rendered":"https:\/\/streetmarkets.fr\/app\/produit\/pull-col-roule-h24-femme-beige-mouline\/"},"modified":"2025-02-02T01:16:31","modified_gmt":"2025-02-02T00:16:31","slug":"pull-col-roule-h24-femme-beige-mouline","status":"publish","type":"product","link":"https:\/\/streetmarkets.fr\/app\/produit\/pull-col-roule-h24-femme-beige-mouline\/","title":{"rendered":"Pull Col Roul\u00e9 (H24 \/ FEMME \/ Beige Mouline)"},"content":{"rendered":"<p>Illuminez votre silhouette de saison avec ce pull long et oversize, orn\u00e9 de poignets contrast\u00e9s. Confectionn\u00e9 en cachemire, il d\u00e9voile un col roul\u00e9 et des manches longues. \u00c0 mixer selon vos envies, compl\u00e9tez votre look casual avec une jupe fluide ou un jean ample.<\/p>\n<p>&#8211; Pull long en cachemire certifi\u00e9 GCS\u00ae Femme <br \/>&#8211; Col roul\u00e9 <br \/>&#8211; Bords c\u00f4tel\u00e9s <br \/>&#8211; Manches longues <br \/>&#8211; Poignets contrast\u00e9s <br \/>&#8211; Coupe oversize <br \/>&#8211; Le Good Cashmere Standard\u00ae (GCS) est une norme ind\u00e9pendante pour un cachemire plus durable et plus responsable. Il vise \u00e0 am\u00e9liorer le bien-\u00eatre des ch\u00e8vres cachemire, les conditions de travail des \u00e9leveurs ainsi qu&#8217;\u00e0 prot\u00e9ger l&#8217;environnement.<br \/>&#8211; <u>Cachemire 6 fils<\/u><\/p>\n","protected":false},"excerpt":{"rendered":"<p>Illuminez votre silhouette de saison avec ce pull long et oversize, orn\u00e9 de poignets contrast\u00e9s. Confectionn\u00e9 en cachemire, il d\u00e9voile un col roul\u00e9 et des manches longues. \u00c0 mixer selon vos envies, compl\u00e9tez votre look casual avec une jupe fluide ou un jean ample. &#8211; Pull long en cachemire certifi\u00e9 GCS\u00ae Femme &#8211; Col roul\u00e9 [&hellip;]<\/p>\n","protected":false},"featured_media":846252,"comment_status":"open","ping_status":"closed","template":"","meta":[],"product_brand":[6868],"product_cat":[1756,1762],"product_tag":[2244],"acf":[],"_links":{"self":[{"href":"https:\/\/streetmarkets.fr\/app\/wp-json\/wp\/v2\/product\/846251"}],"collection":[{"href":"https:\/\/streetmarkets.fr\/app\/wp-json\/wp\/v2\/product"}],"about":[{"href":"https:\/\/streetmarkets.fr\/app\/wp-json\/wp\/v2\/types\/product"}],"replies":[{"embeddable":true,"href":"https:\/\/streetmarkets.fr\/app\/wp-json\/wp\/v2\/comments?post=846251"}],"wp:featuredmedia":[{"embeddable":true,"href":"https:\/\/streetmarkets.fr\/app\/wp-json\/wp\/v2\/media\/846252"}],"wp:attachment":[{"href":"https:\/\/streetmarkets.fr\/app\/wp-json\/wp\/v2\/media?parent=846251"}],"wp:term":[{"taxonomy":"product_brand","embeddable":true,"href":"https:\/\/streetmarkets.fr\/app\/wp-json\/wp\/v2\/product_brand?post=846251"},{"taxonomy":"product_cat","embeddable":true,"href":"https:\/\/streetmarkets.fr\/app\/wp-json\/wp\/v2\/product_cat?post=846251"},{"taxonomy":"product_tag","embeddable":true,"href":"https:\/\/streetmarkets.fr\/app\/wp-json\/wp\/v2\/product_tag?post=846251"}],"curies":[{"name":"wp","href":"https:\/\/api.w.org\/{rel}","templated":true}]}}