{"id":846234,"date":"2024-11-21T01:27:01","date_gmt":"2024-11-21T00:27:01","guid":{"rendered":"https:\/\/streetmarkets.fr\/app\/produit\/pull-col-montant-norvegien-h24-femme-gris-chine-clair\/"},"modified":"2025-03-10T01:08:48","modified_gmt":"2025-03-10T00:08:48","slug":"pull-col-montant-norvegien-h24-femme-gris-chine-clair","status":"publish","type":"product","link":"https:\/\/streetmarkets.fr\/app\/produit\/pull-col-montant-norvegien-h24-femme-gris-chine-clair\/","title":{"rendered":"Pull Col Montant Norv\u00e9gien (H24 \/ FEMME \/ Gris Chin\u00e9 Clair)"},"content":{"rendered":"<p>R\u00e9haussez votre silhouette de saison avec ce pull court orn\u00e9 de motifs norv\u00e9giens. Confectionn\u00e9 en cachemire, il d\u00e9voile un col montant, des manches longues et des bords contrast\u00e9s. Optez pour un look casual et mixez-le \u00e0 un pantalon droit ou une jupe fluide.<\/p>\n<p>&#8211; Pull court en cachemire certifi\u00e9 GCS\u00ae Femme<br \/>\n<br \/>&#8211; Motifs norv\u00e9giens<br \/>\n<br \/>&#8211; Col montant<br \/>\n<br \/>&#8211; Manches longues<br \/>\n<br \/>&#8211; Bords c\u00f4tel\u00e9s et contrast\u00e9s<br \/>\n<br \/>&#8211; Coupe regular<br \/>\n<br \/>&#8211; Le Good Cashmere Standard\u00ae (GCS) est une norme ind\u00e9pendante pour un cachemire plus durable et plus responsable. Il vise \u00e0 am\u00e9liorer le bien-\u00eatre des ch\u00e8vres cachemire, les conditions de travail des \u00e9leveurs ainsi qu&#8217;\u00e0 prot\u00e9ger l&#8217;environnement.<\/p>\n","protected":false},"excerpt":{"rendered":"<p>R\u00e9haussez votre silhouette de saison avec ce pull court orn\u00e9 de motifs norv\u00e9giens. Confectionn\u00e9 en cachemire, il d\u00e9voile un col montant, des manches longues et des bords contrast\u00e9s. Optez pour un look casual et mixez-le \u00e0 un pantalon droit ou une jupe fluide. &#8211; Pull court en cachemire certifi\u00e9 GCS\u00ae Femme &#8211; Motifs norv\u00e9giens &#8211; [&hellip;]<\/p>\n","protected":false},"featured_media":846235,"comment_status":"open","ping_status":"closed","template":"","meta":[],"product_brand":[6868],"product_cat":[1756,1762],"product_tag":[2244],"acf":[],"_links":{"self":[{"href":"https:\/\/streetmarkets.fr\/app\/wp-json\/wp\/v2\/product\/846234"}],"collection":[{"href":"https:\/\/streetmarkets.fr\/app\/wp-json\/wp\/v2\/product"}],"about":[{"href":"https:\/\/streetmarkets.fr\/app\/wp-json\/wp\/v2\/types\/product"}],"replies":[{"embeddable":true,"href":"https:\/\/streetmarkets.fr\/app\/wp-json\/wp\/v2\/comments?post=846234"}],"wp:featuredmedia":[{"embeddable":true,"href":"https:\/\/streetmarkets.fr\/app\/wp-json\/wp\/v2\/media\/846235"}],"wp:attachment":[{"href":"https:\/\/streetmarkets.fr\/app\/wp-json\/wp\/v2\/media?parent=846234"}],"wp:term":[{"taxonomy":"product_brand","embeddable":true,"href":"https:\/\/streetmarkets.fr\/app\/wp-json\/wp\/v2\/product_brand?post=846234"},{"taxonomy":"product_cat","embeddable":true,"href":"https:\/\/streetmarkets.fr\/app\/wp-json\/wp\/v2\/product_cat?post=846234"},{"taxonomy":"product_tag","embeddable":true,"href":"https:\/\/streetmarkets.fr\/app\/wp-json\/wp\/v2\/product_tag?post=846234"}],"curies":[{"name":"wp","href":"https:\/\/api.w.org\/{rel}","templated":true}]}}