{"id":846214,"date":"2024-11-21T01:25:22","date_gmt":"2024-11-21T00:25:22","guid":{"rendered":"https:\/\/streetmarkets.fr\/app\/produit\/pull-col-polo-seconde-peau-h24-femme-gris-chine-fonce\/"},"modified":"2025-02-04T01:08:22","modified_gmt":"2025-02-04T00:08:22","slug":"pull-col-polo-seconde-peau-h24-femme-gris-chine-fonce","status":"publish","type":"product","link":"https:\/\/streetmarkets.fr\/app\/produit\/pull-col-polo-seconde-peau-h24-femme-gris-chine-fonce\/","title":{"rendered":"Pull Col Polo Seconde Peau (H24 \/ FEMME \/ Gris Chin\u00e9 Fonc\u00e9)"},"content":{"rendered":"<p>Silhouette ajust\u00e9e et effet seconde peau pour ce pull c\u00f4tel\u00e9 confectionn\u00e9 en cachemire. R\u00e9hauss\u00e9 d\u2019un col polo et de manches longues, il s\u2019adopte sans effort avec un pantalon de tailleur ou une jupe courte pour un look d\u00e9contract\u00e9 chic.<\/p>\n<p>&#8211; Pull en cachemire certifi\u00e9 GCS\u00ae Femme<br \/>\n<br \/>&#8211; C\u00f4tel\u00e9<br \/>\n<br \/>&#8211; Col polo<br \/>\n<br \/>&#8211; Manches longues<br \/>\n<br \/>&#8211; Bords c\u00f4tel\u00e9s<br \/>\n<br \/>&#8211; Coupe slim<br \/>\n<br \/>&#8211; Le Good Cashmere Standard\u00ae (GCS) est une norme ind\u00e9pendante pour un cachemire plus durable et plus responsable. Il vise \u00e0 am\u00e9liorer le bien-\u00eatre des ch\u00e8vres cachemire, les conditions de travail des \u00e9leveurs ainsi qu&#8217;\u00e0 prot\u00e9ger l&#8217;environnement.<\/p>\n","protected":false},"excerpt":{"rendered":"<p>Silhouette ajust\u00e9e et effet seconde peau pour ce pull c\u00f4tel\u00e9 confectionn\u00e9 en cachemire. R\u00e9hauss\u00e9 d\u2019un col polo et de manches longues, il s\u2019adopte sans effort avec un pantalon de tailleur ou une jupe courte pour un look d\u00e9contract\u00e9 chic. &#8211; Pull en cachemire certifi\u00e9 GCS\u00ae Femme &#8211; C\u00f4tel\u00e9 &#8211; Col polo &#8211; Manches longues &#8211; [&hellip;]<\/p>\n","protected":false},"featured_media":846215,"comment_status":"open","ping_status":"closed","template":"","meta":[],"product_brand":[6868],"product_cat":[1756,1762],"product_tag":[2244],"acf":[],"_links":{"self":[{"href":"https:\/\/streetmarkets.fr\/app\/wp-json\/wp\/v2\/product\/846214"}],"collection":[{"href":"https:\/\/streetmarkets.fr\/app\/wp-json\/wp\/v2\/product"}],"about":[{"href":"https:\/\/streetmarkets.fr\/app\/wp-json\/wp\/v2\/types\/product"}],"replies":[{"embeddable":true,"href":"https:\/\/streetmarkets.fr\/app\/wp-json\/wp\/v2\/comments?post=846214"}],"wp:featuredmedia":[{"embeddable":true,"href":"https:\/\/streetmarkets.fr\/app\/wp-json\/wp\/v2\/media\/846215"}],"wp:attachment":[{"href":"https:\/\/streetmarkets.fr\/app\/wp-json\/wp\/v2\/media?parent=846214"}],"wp:term":[{"taxonomy":"product_brand","embeddable":true,"href":"https:\/\/streetmarkets.fr\/app\/wp-json\/wp\/v2\/product_brand?post=846214"},{"taxonomy":"product_cat","embeddable":true,"href":"https:\/\/streetmarkets.fr\/app\/wp-json\/wp\/v2\/product_cat?post=846214"},{"taxonomy":"product_tag","embeddable":true,"href":"https:\/\/streetmarkets.fr\/app\/wp-json\/wp\/v2\/product_tag?post=846214"}],"curies":[{"name":"wp","href":"https:\/\/api.w.org\/{rel}","templated":true}]}}