{"id":845844,"date":"2024-11-21T00:14:22","date_gmt":"2024-11-20T23:14:22","guid":{"rendered":"https:\/\/streetmarkets.fr\/app\/produit\/chemise-de-pyjama-en-gaze-de-coton-bio-daphne-kaki\/"},"modified":"2025-11-24T00:15:53","modified_gmt":"2025-11-23T23:15:53","slug":"chemise-de-pyjama-en-gaze-de-coton-bio-daphne-kaki","status":"publish","type":"product","link":"https:\/\/streetmarkets.fr\/app\/produit\/chemise-de-pyjama-en-gaze-de-coton-bio-daphne-kaki\/","title":{"rendered":"Chemise de pyjama en gaze de coton bio DAPHN\u00c9 KAKI"},"content":{"rendered":"<p>Douce, l\u00e9g\u00e8re et respirante, cette chemise en double gaze de coton bio devient vite une favorite. On l\u2019enfile pour dormir, chiller \u00e0 la maison ou sortir, simplement rentr\u00e9e dans un jean. La texture gaufr\u00e9e a ce tomb\u00e9 a\u00e9rien qu\u2019on adore et ne demande aucun repassage. En kaki, elle twiste facilement vos bas pr\u00e9f\u00e9r\u00e9s et se coordonne avec le pantalon assorti ou en mix &amp; match.<br \/>\n\u00c9thique de bout en bout, elle est fabriqu\u00e9e au Portugal avec des boutons recycl\u00e9s et recyclables. Le bon choix quand on cherche une chemise de pyjama femme en gaze de coton bio, confortable, jolie et vraiment facile \u00e0 vivre.<\/p>\n","protected":false},"excerpt":{"rendered":"<p>Douce, l\u00e9g\u00e8re et respirante, cette chemise en double gaze de coton bio devient vite une favorite. On l\u2019enfile pour dormir, chiller \u00e0 la maison ou sortir, simplement rentr\u00e9e dans un jean. La texture gaufr\u00e9e a ce tomb\u00e9 a\u00e9rien qu\u2019on adore et ne demande aucun repassage. En kaki, elle twiste facilement vos bas pr\u00e9f\u00e9r\u00e9s et se [&hellip;]<\/p>\n","protected":false},"featured_media":845845,"comment_status":"open","ping_status":"closed","template":"","meta":[],"product_brand":[],"product_cat":[1756,1762],"product_tag":[1810],"acf":[],"_links":{"self":[{"href":"https:\/\/streetmarkets.fr\/app\/wp-json\/wp\/v2\/product\/845844"}],"collection":[{"href":"https:\/\/streetmarkets.fr\/app\/wp-json\/wp\/v2\/product"}],"about":[{"href":"https:\/\/streetmarkets.fr\/app\/wp-json\/wp\/v2\/types\/product"}],"replies":[{"embeddable":true,"href":"https:\/\/streetmarkets.fr\/app\/wp-json\/wp\/v2\/comments?post=845844"}],"wp:featuredmedia":[{"embeddable":true,"href":"https:\/\/streetmarkets.fr\/app\/wp-json\/wp\/v2\/media\/845845"}],"wp:attachment":[{"href":"https:\/\/streetmarkets.fr\/app\/wp-json\/wp\/v2\/media?parent=845844"}],"wp:term":[{"taxonomy":"product_brand","embeddable":true,"href":"https:\/\/streetmarkets.fr\/app\/wp-json\/wp\/v2\/product_brand?post=845844"},{"taxonomy":"product_cat","embeddable":true,"href":"https:\/\/streetmarkets.fr\/app\/wp-json\/wp\/v2\/product_cat?post=845844"},{"taxonomy":"product_tag","embeddable":true,"href":"https:\/\/streetmarkets.fr\/app\/wp-json\/wp\/v2\/product_tag?post=845844"}],"curies":[{"name":"wp","href":"https:\/\/api.w.org\/{rel}","templated":true}]}}