{"id":845818,"date":"2024-11-21T00:14:19","date_gmt":"2024-11-20T23:14:19","guid":{"rendered":"https:\/\/streetmarkets.fr\/app\/produit\/pantalon-de-pyjama-en-gaze-de-coton-bio-daphne-bordeaux\/"},"modified":"2025-11-24T00:15:52","modified_gmt":"2025-11-23T23:15:52","slug":"pantalon-de-pyjama-en-gaze-de-coton-bio-daphne-bordeaux","status":"publish","type":"product","link":"https:\/\/streetmarkets.fr\/app\/produit\/pantalon-de-pyjama-en-gaze-de-coton-bio-daphne-bordeaux\/","title":{"rendered":"Pantalon de pyjama en gaze de coton bio DAPHN\u00c9 Bordeaux"},"content":{"rendered":"<p>Le pantalon Daphn\u00e9 en gaze de coton bio r\u00e9unit tout ce qu\u2019on aime pour une tenue d\u2019int\u00e9rieur chic et cool. Sa mati\u00e8re a\u00e9rienne laisse la peau respirer, id\u00e9ale pour des nuits paisibles et des moments cocooning. La texture naturellement froiss\u00e9e \u00e9vite le repassage et garde un tomber d\u00e9contract\u00e9 tr\u00e8s flatteur.<\/p>\n<p>Polyvalent, il se porte en <strong>pyjama femme en coton bio<\/strong> avec la chemise Daphn\u00e9 bordeaux, en d\u00e9pareill\u00e9 avec la chemise Daphn\u00e9 rose poudr\u00e9, ou en ville avec un t-shirt blanc et des baskets. La teinte bordeaux apporte une touche chaleureuse et \u00e9l\u00e9gante sans effort.<\/p>\n<p>Confectionn\u00e9 de mani\u00e8re \u00e9thique au Portugal, ce <strong>pantalon d\u2019int\u00e9rieur en gaze de coton bio<\/strong> coche les cases essentielles : confortable, respirant, facile \u00e0 vivre et vraiment beau.<\/p>\n","protected":false},"excerpt":{"rendered":"<p>Le pantalon Daphn\u00e9 en gaze de coton bio r\u00e9unit tout ce qu\u2019on aime pour une tenue d\u2019int\u00e9rieur chic et cool. Sa mati\u00e8re a\u00e9rienne laisse la peau respirer, id\u00e9ale pour des nuits paisibles et des moments cocooning. La texture naturellement froiss\u00e9e \u00e9vite le repassage et garde un tomber d\u00e9contract\u00e9 tr\u00e8s flatteur. Polyvalent, il se porte en [&hellip;]<\/p>\n","protected":false},"featured_media":845819,"comment_status":"open","ping_status":"closed","template":"","meta":[],"product_brand":[],"product_cat":[1756,1762],"product_tag":[1810],"acf":[],"_links":{"self":[{"href":"https:\/\/streetmarkets.fr\/app\/wp-json\/wp\/v2\/product\/845818"}],"collection":[{"href":"https:\/\/streetmarkets.fr\/app\/wp-json\/wp\/v2\/product"}],"about":[{"href":"https:\/\/streetmarkets.fr\/app\/wp-json\/wp\/v2\/types\/product"}],"replies":[{"embeddable":true,"href":"https:\/\/streetmarkets.fr\/app\/wp-json\/wp\/v2\/comments?post=845818"}],"wp:featuredmedia":[{"embeddable":true,"href":"https:\/\/streetmarkets.fr\/app\/wp-json\/wp\/v2\/media\/845819"}],"wp:attachment":[{"href":"https:\/\/streetmarkets.fr\/app\/wp-json\/wp\/v2\/media?parent=845818"}],"wp:term":[{"taxonomy":"product_brand","embeddable":true,"href":"https:\/\/streetmarkets.fr\/app\/wp-json\/wp\/v2\/product_brand?post=845818"},{"taxonomy":"product_cat","embeddable":true,"href":"https:\/\/streetmarkets.fr\/app\/wp-json\/wp\/v2\/product_cat?post=845818"},{"taxonomy":"product_tag","embeddable":true,"href":"https:\/\/streetmarkets.fr\/app\/wp-json\/wp\/v2\/product_tag?post=845818"}],"curies":[{"name":"wp","href":"https:\/\/api.w.org\/{rel}","templated":true}]}}