{"id":841178,"date":"2024-11-18T01:15:15","date_gmt":"2024-11-18T00:15:15","guid":{"rendered":"https:\/\/streetmarkets.fr\/app\/produit\/nouveau-mother-jean-the-bookie-heel-say-youre-sorry\/"},"modified":"2026-05-06T02:00:30","modified_gmt":"2026-05-06T00:00:30","slug":"nouveau-mother-jean-the-bookie-heel-say-youre-sorry","status":"publish","type":"product","link":"https:\/\/streetmarkets.fr\/app\/produit\/nouveau-mother-jean-the-bookie-heel-say-youre-sorry\/","title":{"rendered":"MOTHER Jean The Bookie Heel Say You&#8217;re Sorry -30%"},"content":{"rendered":"<p>Le jean Bookie Heel dans le wash Say you\u2019re Sorry, un wash black anthracite, coupe semi haute et jambe flare. Coton Pr\u00e9mium MOTHER stretch souple et hyper confort.<\/p>\n<p>D\u00e9tail : 98% coton, 2% spandex\/ \u00e9lasthanne.<\/p>\n<p>Fabriqu\u00e9 \u00e0 Los Angeles<\/p>\n","protected":false},"excerpt":{"rendered":"<p>Le jean Bookie Heel dans le wash Say you\u2019re Sorry, un wash black anthracite, coupe semi haute et jambe flare. Coton Pr\u00e9mium MOTHER stretch souple et hyper confort. D\u00e9tail : 98% coton, 2% spandex\/ \u00e9lasthanne. Fabriqu\u00e9 \u00e0 Los Angeles<\/p>\n","protected":false},"featured_media":841179,"comment_status":"open","ping_status":"closed","template":"","meta":[],"product_brand":[],"product_cat":[1756,1762],"product_tag":[2244],"acf":[],"_links":{"self":[{"href":"https:\/\/streetmarkets.fr\/app\/wp-json\/wp\/v2\/product\/841178"}],"collection":[{"href":"https:\/\/streetmarkets.fr\/app\/wp-json\/wp\/v2\/product"}],"about":[{"href":"https:\/\/streetmarkets.fr\/app\/wp-json\/wp\/v2\/types\/product"}],"replies":[{"embeddable":true,"href":"https:\/\/streetmarkets.fr\/app\/wp-json\/wp\/v2\/comments?post=841178"}],"wp:featuredmedia":[{"embeddable":true,"href":"https:\/\/streetmarkets.fr\/app\/wp-json\/wp\/v2\/media\/841179"}],"wp:attachment":[{"href":"https:\/\/streetmarkets.fr\/app\/wp-json\/wp\/v2\/media?parent=841178"}],"wp:term":[{"taxonomy":"product_brand","embeddable":true,"href":"https:\/\/streetmarkets.fr\/app\/wp-json\/wp\/v2\/product_brand?post=841178"},{"taxonomy":"product_cat","embeddable":true,"href":"https:\/\/streetmarkets.fr\/app\/wp-json\/wp\/v2\/product_cat?post=841178"},{"taxonomy":"product_tag","embeddable":true,"href":"https:\/\/streetmarkets.fr\/app\/wp-json\/wp\/v2\/product_tag?post=841178"}],"curies":[{"name":"wp","href":"https:\/\/api.w.org\/{rel}","templated":true}]}}