{"id":840994,"date":"2024-11-17T07:42:50","date_gmt":"2024-11-17T06:42:50","guid":{"rendered":"https:\/\/streetmarkets.fr\/app\/produit\/collier-courcelle-perrine-taverniti\/"},"modified":"2026-05-05T08:37:55","modified_gmt":"2026-05-05T06:37:55","slug":"collier-courcelle-perrine-taverniti","status":"publish","type":"product","link":"https:\/\/streetmarkets.fr\/app\/produit\/collier-courcelle-perrine-taverniti\/","title":{"rendered":"Collier Courcelle &#8211; Perrine Taverniti"},"content":{"rendered":"<div data-mce-fragment=\"1\" class=\"product-single__description rte\">\n<p data-mce-fragment=\"1\">Le collier Courcelle\u00a0se compose de deux cha\u00eenes : l&#8217;un gros maillon, l&#8217;autre double cha\u00eene fine et plate. \u00a0<\/p>\n<p data-mce-fragment=\"1\"><strong>Longueur<\/strong> : 40cm\u00a0<\/p>\n<p data-mce-fragment=\"1\"><strong>Entretien<\/strong> :\u00a0<span data-mce-fragment=\"1\">Ils peuvent \u00eatre nettoyer \u00e0 l&#8217;aide d&#8217;un chiffon doux.\u00a0\u00c9vitez tout contact avec des produits cosm\u00e9tiques et l&#8217;eau.<\/span><\/p>\n<p data-mce-fragment=\"1\"><strong>composition<\/strong> : Les bijoux sont sans nickel, laiton dor\u00e9 \u00e0 l&#8217;or fin 24 carats.\u00a0<\/p>\n<\/div>\n<div data-mce-fragment=\"1\" class=\"social-sharing\">Cr\u00e9atrice fran\u00e7aise, les bijoux sont faits \u00e0 la main en atelier parisien. \u00a0<\/div>\n<div data-mce-fragment=\"1\" class=\"social-sharing\"><\/div>\n","protected":false},"excerpt":{"rendered":"<p>Le collier Courcelle\u00a0se compose de deux cha\u00eenes : l&#8217;un gros maillon, l&#8217;autre double cha\u00eene fine et plate. \u00a0 Longueur : 40cm\u00a0 Entretien :\u00a0Ils peuvent \u00eatre nettoyer \u00e0 l&#8217;aide d&#8217;un chiffon doux.\u00a0\u00c9vitez tout contact avec des produits cosm\u00e9tiques et l&#8217;eau. composition : Les bijoux sont sans nickel, laiton dor\u00e9 \u00e0 l&#8217;or fin 24 carats.\u00a0 Cr\u00e9atrice fran\u00e7aise, [&hellip;]<\/p>\n","protected":false},"featured_media":840995,"comment_status":"open","ping_status":"closed","template":"","meta":[],"product_brand":[],"product_cat":[1807,1756],"product_tag":[2244],"acf":[],"_links":{"self":[{"href":"https:\/\/streetmarkets.fr\/app\/wp-json\/wp\/v2\/product\/840994"}],"collection":[{"href":"https:\/\/streetmarkets.fr\/app\/wp-json\/wp\/v2\/product"}],"about":[{"href":"https:\/\/streetmarkets.fr\/app\/wp-json\/wp\/v2\/types\/product"}],"replies":[{"embeddable":true,"href":"https:\/\/streetmarkets.fr\/app\/wp-json\/wp\/v2\/comments?post=840994"}],"wp:featuredmedia":[{"embeddable":true,"href":"https:\/\/streetmarkets.fr\/app\/wp-json\/wp\/v2\/media\/840995"}],"wp:attachment":[{"href":"https:\/\/streetmarkets.fr\/app\/wp-json\/wp\/v2\/media?parent=840994"}],"wp:term":[{"taxonomy":"product_brand","embeddable":true,"href":"https:\/\/streetmarkets.fr\/app\/wp-json\/wp\/v2\/product_brand?post=840994"},{"taxonomy":"product_cat","embeddable":true,"href":"https:\/\/streetmarkets.fr\/app\/wp-json\/wp\/v2\/product_cat?post=840994"},{"taxonomy":"product_tag","embeddable":true,"href":"https:\/\/streetmarkets.fr\/app\/wp-json\/wp\/v2\/product_tag?post=840994"}],"curies":[{"name":"wp","href":"https:\/\/api.w.org\/{rel}","templated":true}]}}